{"id":5620,"date":"2022-01-16T13:52:28","date_gmt":"2022-01-16T12:52:28","guid":{"rendered":"https:\/\/www.untergeek.de\/?page_id=5620"},"modified":"2022-01-16T14:35:22","modified_gmt":"2022-01-16T13:35:22","slug":"roland-jx-3p-firmware-update","status":"publish","type":"page","link":"https:\/\/www.untergeek.de\/de\/shop\/roland-jx-3p-firmware-update\/","title":{"rendered":"Roland JX-3P Firmware Update"},"content":{"rendered":"<div class=\"shariff\" data-title=\"Roland JX-3P Firmware Update\" data-info-url=\"http:\/\/ct.de\/-2467514\" data-backend-url=\"https:\/\/www.untergeek.de\/wp-content\/plugins\/shariff-sharing\/backend\/index.php\" data-temp=\"\/tmp\" data-ttl=\"60\" data-service=\"gftr\" data-services='[\"googleplus\",\"facebook\",\"twitter\",\"reddit\",\"info\"]' data-image=\"\" data-url=\"https:\/\/www.untergeek.de\/de\/shop\/roland-jx-3p-firmware-update\/\" data-lang=\"de\" data-theme=\"colored\" data-orientation=\"horizontal\"><\/div>\n<p>Firmware-Update von Bob Grieb f\u00fcr den Roland JX-3P Analogsynth: <\/p>\n\n\n\n<ul class=\"wp-block-list\"><li>Alle Parameter \u00fcber MIDI-CC steuerbar [<a href=\"https:\/\/www.untergeek.de\/jx3pccmap\/\" target=\"_blank\" rel=\"noreferrer noopener\">Liste der Parameter (engl.)<\/a>]<\/li><li>Anschlagsdynamik \u00fcber MIDI, steuert VCF-Tiefe oder VCA<\/li><li>Speichern und Laden von Bank B und C \u00fcber Sysex (MKS-30-Format)<\/li><li>MIDI-Kanal 1-8 oder Omni (wird beim Ausschalten gespeichert)<\/li><li>Poly I oder Poly II \u00fcber MIDI CC oder Bedienpanel anw\u00e4hlbar<\/li><li>Bugfix: LFO Delay Timer bei MIDI-Noten<\/li><li>Bugfix: CC 01-Modwheel werden jetzt \u00fcber MIDI interpretiert<\/li><\/ul>\n\n\n\n<h2 class=\"wp-block-heading\">!!!HARDWARE-Anpassung erforderlich!!!<\/h2>\n\n\n\n<p>Die Firmware erfordert eine Anpassung im Ger\u00e4t &#8211; eine Verbindung muss gel\u00f6tet werden, eine durchtrennt. Ohne diese \u00c4nderungen wird das ROM nicht korrekt funktionieren. Details [<a href=\"https:\/\/www.untergeek.de\/jx3pmods\/\" target=\"_blank\" rel=\"noreferrer noopener\">hier (engl.)<\/a>]. <\/p>\n\n\n<p>[color-box]<br \/>\n<form class=\"wpsg_productform\" id=\"wpsg_produktform_1\" method=\"post\" action=\"\/de\/wp-json\/wp\/v2\/pages\/5620\">\r\n<div class=\"wpsg_produkt_wrapper\">\r\n\r\n\t<input type=\"hidden\" name=\"wpsg_post_id\" value=\"5620\" \/>\r\n\t<input type=\"hidden\" name=\"titleDisplayed\" value=\"\" \/>\r\n \r\n\t<div class=\"wpsg_produkt wpsg_product_name\">\r\n\r\n\t\t\t\t\t<h1 class=\"wpsg_producttitle\">JX3P<\/h1>\r\n\t\t\t<h2 class=\"wpsg_productdetailtitle\">Tauntek JX-3P Firmware Update<\/h2>\r\n\t\t\r\n\t\t\r\n\t<\/div>\r\n \r\n\t\r\n\t<div itemscope itemtype=\"http:\/\/schema.org\/Product\" class=\"wpsg_produkt wpsg_produkt_13\">\r\n\r\n\t\t<meta itemprop=\"name\" content=\"JX3P\" \/>\r\n\t\t<meta itemprop=\"detailname\" content=\"Tauntek JX-3P Firmware Update\" \/>\r\n\t\t\r\n\t\t\t\t\r\n\t\t\t\t\r\n\t\t\t\t<div class=\"wpsg_productimages\">\r\n\r\n\t\t\t<div class=\"wpsg_produkt_produktbilder\">\r\n\r\n\t\t\t\t\r\n\t\t\t\t\t\t\t\t\t\t\r\n                    <meta itemprop=\"image\" content=\"https:\/\/www.untergeek.de\/wp-content\/uploads\/2019\/01\/Foto-01.01.19-15-00-17-2.jpg\" \/>\r\n\r\n\t\t\t\t\t<a  rel=\"gallery-wpsg-1\" title=\"JX3P\" href=\"https:\/\/www.untergeek.de\/wp-content\/uploads\/2019\/01\/Foto-01.01.19-15-00-17-2.jpg\" data-fslightbox=\"1\">\r\n\r\n\t\t\t\t\t\t<img loading=\"lazy\" decoding=\"async\" width=\"300\" height=\"225\" src=\"https:\/\/www.untergeek.de\/wp-content\/uploads\/2019\/01\/Foto-01.01.19-15-00-17-2.jpg\" class=\"attachment-300x300 size-300x300\" alt=\"\" srcset=\"https:\/\/www.untergeek.de\/wp-content\/uploads\/2019\/01\/Foto-01.01.19-15-00-17-2.jpg 4032w, https:\/\/www.untergeek.de\/wp-content\/uploads\/2019\/01\/Foto-01.01.19-15-00-17-2-200x150.jpg 200w, https:\/\/www.untergeek.de\/wp-content\/uploads\/2019\/01\/Foto-01.01.19-15-00-17-2-768x576.jpg 768w, https:\/\/www.untergeek.de\/wp-content\/uploads\/2019\/01\/Foto-01.01.19-15-00-17-2-533x400.jpg 533w, https:\/\/www.untergeek.de\/wp-content\/uploads\/2019\/01\/Foto-01.01.19-15-00-17-2-400x300.jpg 400w\" sizes=\"auto, (max-width: 300px) 100vw, 300px\" \/>\t\t\t\t\t\t\r\n\t\t\t\t\t<\/a>\r\n\t\t\t\t\t\r\n\t\t\t\t\r\n\t\t\t<\/div>\r\n\r\n\t\t<\/div>\r\n\t\t\t\t\r\n\t\t\t\t<div class=\"wpsg_artikelnummer\">\r\n\t\t\tArtikelnummer: <span class=\"wpsg_anr\">13<\/span><br \/>\r\n\t\t<\/div>\r\n\t\t\t\t\r\n\t\t\t\t\r\n\t\t\t\t\r\n\t\t\t<div itemprop=\"offers\" itemscope itemtype=\"http:\/\/schema.org\/Offer\" class=\"wpsg_produkt_preis\">\r\n\r\n                <meta itemprop=\"priceCurrency\" content=\"EUR\" \/>\r\n                <meta itemprop=\"price\" content=\"31.50\" \/>\r\n\r\n\t\t\t\tSt\u00fcckpreis:\r\n\t\t\t\t\t\t\t\t\r\n\t\t\t\t\t\t\t\t\t<span class=\"wpsg_mod_productview_price\">31,50 EUR<\/span>\r\n\t\t\t\t\r\n\t\t\t<\/div>\r\n\r\n\t\t\t\r\n\t\t\t\t<div class=\"wpsg_produkt_preishinweis\">\r\n\r\n\t\t\t\t\t\t\t\t\t\t\t\t\t\t\t\t\t\t\t\t\t\t\t(inkl. 19,00% MwSt. und zzgl. <a href=\"https:\/\/www.untergeek.de\/de\/versandkosten\/\">Versandkosten<\/a>)\t\t\t\t\t\t\t\t\t\t\t\t\t\t\t\t\r\n\t\t\t\t<\/div>\r\n\r\n\t\t\t\t\t\t\r\n\t\t\t\t\t\t\r\n\t\t<div itemprop=\"description\" class=\"wpsg_produkt_shortdescription\">\r\n\t\t\r\n\t\t\t<span>Tauntek JX-3P Update<\/span>\r\n\t\t\t\r\n\t\t<\/div>\r\n\r\n\t\t<div class=\"wpsg_clear\"><\/div>\r\n \t\t\r\n\t\t\t\t\t\t\r\n\t\t        \t\t\r\n\t\t\t\t\t\t\r\n\t\t\t\t\t\t\r\n\t\t\t\t<div class=\"wpsg_product_informationarea\">\r\n\r\n\t\t\t\t\t\t<div class=\"wpsg_product_information_short\">\r\n\t\t\t\t<div class=\"wpsg_produkt_additional_information\">\r\n\t\t\t\t\t<div itemprop=\"description\" class=\"wpsg_produkt_shortdescription\">\r\n\t\t\t\t\t\t<span><div class=\"shariff\" data-title=\"Roland JX-3P Firmware Update\" data-info-url=\"http:\/\/ct.de\/-2467514\" data-backend-url=\"https:\/\/www.untergeek.de\/wp-content\/plugins\/shariff-sharing\/backend\/index.php\" data-temp=\"\/tmp\" data-ttl=\"60\" data-service=\"gftr\" data-services='[\"googleplus\",\"facebook\",\"twitter\",\"reddit\",\"info\"]' data-image=\"\" data-url=\"https:\/\/www.untergeek.de\/de\/shop\/roland-jx-3p-firmware-update\/\" data-lang=\"de\" data-theme=\"colored\" data-orientation=\"horizontal\"><\/div>Chip with Tauntek firmware upgrade for Roland JX-3P. Needs hardware patch to work.<\/span>\r\n\t\t\t\t\t<\/div>\r\n\t\t\t\t<\/div>\r\n\t\t\t<\/div>\r\n\t\t\t\r\n\t\t<\/div>\r\n\t\t\r\n\t\t\t\t<div class=\"wpsg_produkt_varianten\">\r\n\t\t\t\t\t<\/div>\r\n\t\t\t\t\r\n\t\t \r\n\t\t<div class=\"wpsg_product_buttonarea\">\t\t\t\r\n\t\t\t<div class=\"wpsg_product_buttons_add_basket\">\r\n\t\t\t\t\t\t\t\t<div class=\"wpsg_produkt_add_basket_wrapper\">\r\n\r\n\t\t\t\t\t<label class=\"wpsg_amount_label\" for=\"wpsg_menge_1\">Anzahl<\/label>\r\n\r\n\t\t\t\t\t<input type=\"text\" value=\"1\" name=\"wpsg[menge]\" class=\"wpsg_menge\" id=\"wpsg_menge_1\"  \/>\r\n\t\t\t\t\t\r\n\t\t\t\t\t\t\t\t\t\t\t\t\t\t\t\r\n\t\t\t\t\t\t<input class=\"wpsg_button wpsg_add_basket wpsg_add_basket_1\" type=\"submit\" value=\"In den Warenkorb\" name=\"wpsg[submit]\" \/>\r\n\t\t\t\t\t\r\n\t\t\t\t\t\t\t\t\t\t\r\n\t\t\t\t\t\r\n\t\t\t\t<\/div>\r\n\t\t\t\t\t\t\t<\/div>\r\n\t\t<\/div>\r\n\r\n\t\t<div class=\"wpsg_clear\"><\/div>\r\n\r\n\t\t\r\n\t\t\t\t<div class=\"wpsg_product_informationarea\">\r\n\r\n\t\t\t\t\t\t<div class=\"wpsg_product_information_large\">\r\n\t\t\t\t<div class=\"wpsg_produkt_additional_information\">\r\n\t\t\t\t\t<div itemprop=\"description\" class=\"wpsg_produkt_longdescription\">\r\n\t\t\t\t\t\t<span>MIDI CC control and other functions - <a href=\"http:\/\/www.tauntek.com\/JX3P.htm\">(C) 2021 Bob Grieb\/tauntek.com<\/a>. Sold with permission and on behalf of the author.<\/span>\r\n\t\t\t\t\t<\/div>\r\n\t\t\t\t<\/div>\r\n\t\t\t<\/div>\r\n\t\t\t\r\n\t\t<\/div>\r\n\t\t\t\t\r\n\t\t\t\t<div class=\"wpsg_product_informationarea\">\r\n\r\n\t\t\t\r\n\t\t<\/div>\r\n\t\t\t\t\r\n\t\t\t\t<div class=\"wpsg_product_informationarea\">\r\n\r\n\t\t\t\r\n\t\t<\/div>\r\n\t\t\r\n\t\t<div class=\"wpsg_clear\"><\/div>\r\n\r\n\t\t\t\t<div class=\"wpsg_product_social_media\">\r\n\t\t\t\t\t<\/div>\r\n\r\n\t<\/div>\r\n\t\r\n\t\r\n<\/div><div style=\"display:none;\"><input type=\"hidden\" name=\"wpsg[template]\" \tvalue=\"standard.phtml\" \/><input type=\"hidden\" name=\"myReferer\" \t\tvalue=\"\/de\/wp-json\/wp\/v2\/pages\/5620\" \/><input type=\"hidden\" name=\"wpsg[produkt_id]\"  value=\"13\" \/><input type=\"hidden\" name=\"wpsg[product_key]\" value=\"13\" \/><\/div><\/form><br \/>\n[\/color-box]<\/p>\n","protected":false},"excerpt":{"rendered":"<p>Firmware-Update von Bob Grieb f\u00fcr den Roland JX-3P Analogsynth: Alle Parameter \u00fcber MIDI-CC steuerbar [Liste der Parameter (engl.)] Anschlagsdynamik \u00fcber MIDI, steuert VCF-Tiefe oder VCA Speichern und Laden von Bank B und C \u00fcber Sysex (MKS-30-Format) MIDI-Kanal 1-8 oder Omni &hellip; <a href=\"https:\/\/www.untergeek.de\/de\/shop\/roland-jx-3p-firmware-update\/\">Weiterlesen <span class=\"meta-nav\">&rarr;<\/span><\/a><\/p>\n","protected":false},"author":2,"featured_media":0,"parent":4917,"menu_order":0,"comment_status":"closed","ping_status":"closed","template":"","meta":{"iawp_total_views":767,"footnotes":""},"class_list":["post-5620","page","type-page","status-publish","hentry"],"yoast_head":"<!-- This site is optimized with the Yoast SEO plugin v27.4 - https:\/\/yoast.com\/product\/yoast-seo-wordpress\/ -->\n<title>Roland JX-3P Firmware Update<\/title>\n<meta name=\"robots\" content=\"index, follow, max-snippet:-1, max-image-preview:large, max-video-preview:-1\" \/>\n<link rel=\"canonical\" href=\"https:\/\/www.untergeek.de\/de\/shop\/roland-jx-3p-firmware-update\/\" \/>\n<meta property=\"og:locale\" content=\"de_DE\" \/>\n<meta property=\"og:locale:alternate\" content=\"en_US\" \/>\n<meta property=\"og:type\" content=\"article\" \/>\n<meta property=\"og:title\" content=\"Roland JX-3P Firmware Update\" \/>\n<meta property=\"og:description\" content=\"Firmware-Update von Bob Grieb f\u00fcr den Roland JX-3P Analogsynth: Alle Parameter \u00fcber MIDI-CC steuerbar [Liste der Parameter (engl.)] Anschlagsdynamik \u00fcber MIDI, steuert VCF-Tiefe oder VCA Speichern und Laden von Bank B und C \u00fcber Sysex (MKS-30-Format) MIDI-Kanal 1-8 oder Omni &hellip; Weiterlesen &rarr;\" \/>\n<meta property=\"og:url\" content=\"https:\/\/www.untergeek.de\/de\/shop\/roland-jx-3p-firmware-update\/\" \/>\n<meta property=\"og:site_name\" content=\"untergeek\" \/>\n<meta property=\"article:modified_time\" content=\"2022-01-16T13:35:22+00:00\" \/>\n<meta name=\"twitter:card\" content=\"summary_large_image\" \/>\n<meta name=\"twitter:site\" content=\"@untergeekDE\" \/>\n<meta name=\"twitter:label1\" content=\"Gesch\u00e4tzte Lesezeit\" \/>\n\t<meta name=\"twitter:data1\" content=\"1\u00a0Minute\" \/>\n<script type=\"application\/ld+json\" class=\"yoast-schema-graph\">{\"@context\":\"https:\\\/\\\/schema.org\",\"@graph\":[{\"@type\":\"WebPage\",\"@id\":\"https:\\\/\\\/www.untergeek.de\\\/shop\\\/roland-jx-3p-firmware-update\\\/\",\"url\":\"https:\\\/\\\/www.untergeek.de\\\/shop\\\/roland-jx-3p-firmware-update\\\/\",\"name\":\"Roland JX-3P Firmware Update\",\"isPartOf\":{\"@id\":\"https:\\\/\\\/www.untergeek.de\\\/#website\"},\"datePublished\":\"2022-01-16T12:52:28+00:00\",\"dateModified\":\"2022-01-16T13:35:22+00:00\",\"breadcrumb\":{\"@id\":\"https:\\\/\\\/www.untergeek.de\\\/shop\\\/roland-jx-3p-firmware-update\\\/#breadcrumb\"},\"inLanguage\":\"de-DE\",\"potentialAction\":[{\"@type\":\"ReadAction\",\"target\":[\"https:\\\/\\\/www.untergeek.de\\\/shop\\\/roland-jx-3p-firmware-update\\\/\"]}]},{\"@type\":\"BreadcrumbList\",\"@id\":\"https:\\\/\\\/www.untergeek.de\\\/shop\\\/roland-jx-3p-firmware-update\\\/#breadcrumb\",\"itemListElement\":[{\"@type\":\"ListItem\",\"position\":1,\"name\":\"Startseite\",\"item\":\"https:\\\/\\\/www.untergeek.de\\\/\"},{\"@type\":\"ListItem\",\"position\":2,\"name\":\"Synth Firmware Shop\",\"item\":\"https:\\\/\\\/www.untergeek.de\\\/shop\\\/\"},{\"@type\":\"ListItem\",\"position\":3,\"name\":\"Roland JX-3P Firmware Update\"}]},{\"@type\":\"WebSite\",\"@id\":\"https:\\\/\\\/www.untergeek.de\\\/#website\",\"url\":\"https:\\\/\\\/www.untergeek.de\\\/\",\"name\":\"untergeek\",\"description\":\"promoting technological serendipity since 1968\",\"publisher\":{\"@id\":\"https:\\\/\\\/www.untergeek.de\\\/#\\\/schema\\\/person\\\/fa2cb1805e290c4d85f61db3985e73f1\"},\"potentialAction\":[{\"@type\":\"SearchAction\",\"target\":{\"@type\":\"EntryPoint\",\"urlTemplate\":\"https:\\\/\\\/www.untergeek.de\\\/?s={search_term_string}\"},\"query-input\":{\"@type\":\"PropertyValueSpecification\",\"valueRequired\":true,\"valueName\":\"search_term_string\"}}],\"inLanguage\":\"de-DE\"},{\"@type\":[\"Person\",\"Organization\"],\"@id\":\"https:\\\/\\\/www.untergeek.de\\\/#\\\/schema\\\/person\\\/fa2cb1805e290c4d85f61db3985e73f1\",\"name\":\"untergeek\",\"image\":{\"@type\":\"ImageObject\",\"inLanguage\":\"de-DE\",\"@id\":\"https:\\\/\\\/www.untergeek.de\\\/wp-content\\\/uploads\\\/2018\\\/11\\\/untergeeklet.png\",\"url\":\"https:\\\/\\\/www.untergeek.de\\\/wp-content\\\/uploads\\\/2018\\\/11\\\/untergeeklet.png\",\"contentUrl\":\"https:\\\/\\\/www.untergeek.de\\\/wp-content\\\/uploads\\\/2018\\\/11\\\/untergeeklet.png\",\"width\":64,\"height\":64,\"caption\":\"untergeek\"},\"logo\":{\"@id\":\"https:\\\/\\\/www.untergeek.de\\\/wp-content\\\/uploads\\\/2018\\\/11\\\/untergeeklet.png\"},\"description\":\"Early digital immigrant. Father. Maker. Tinkerer. Serendipist. Journalist. Synth nerd.\",\"sameAs\":[\"http:\\\/\\\/www.untergeek.de\",\"https:\\\/\\\/x.com\\\/https:\\\/\\\/twitter.com\\\/untergeekDE\",\"https:\\\/\\\/www.youtube.com\\\/@untergeekDE\"]}]}<\/script>\n<!-- \/ Yoast SEO plugin. -->","yoast_head_json":{"title":"Roland JX-3P Firmware Update","robots":{"index":"index","follow":"follow","max-snippet":"max-snippet:-1","max-image-preview":"max-image-preview:large","max-video-preview":"max-video-preview:-1"},"canonical":"https:\/\/www.untergeek.de\/de\/shop\/roland-jx-3p-firmware-update\/","og_locale":"de_DE","og_type":"article","og_title":"[:en]Roland JX-3P Firmware Update[:] - untergeek","og_description":"Firmware-Update von Bob Grieb f\u00fcr den Roland JX-3P Analogsynth: Alle Parameter \u00fcber MIDI-CC steuerbar [Liste der Parameter (engl.)] Anschlagsdynamik \u00fcber MIDI, steuert VCF-Tiefe oder VCA Speichern und Laden von Bank B und C \u00fcber Sysex (MKS-30-Format) MIDI-Kanal 1-8 oder Omni &hellip; Weiterlesen &rarr;","og_url":"https:\/\/www.untergeek.de\/de\/shop\/roland-jx-3p-firmware-update\/","og_site_name":"untergeek","article_modified_time":"2022-01-16T13:35:22+00:00","twitter_card":"summary_large_image","twitter_site":"@untergeekDE","twitter_misc":{"Gesch\u00e4tzte Lesezeit":"1\u00a0Minute"},"schema":{"@context":"https:\/\/schema.org","@graph":[{"@type":"WebPage","@id":"https:\/\/www.untergeek.de\/shop\/roland-jx-3p-firmware-update\/","url":"https:\/\/www.untergeek.de\/shop\/roland-jx-3p-firmware-update\/","name":"Roland JX-3P Firmware Update","isPartOf":{"@id":"https:\/\/www.untergeek.de\/#website"},"datePublished":"2022-01-16T12:52:28+00:00","dateModified":"2022-01-16T13:35:22+00:00","breadcrumb":{"@id":"https:\/\/www.untergeek.de\/shop\/roland-jx-3p-firmware-update\/#breadcrumb"},"inLanguage":"de-DE","potentialAction":[{"@type":"ReadAction","target":["https:\/\/www.untergeek.de\/shop\/roland-jx-3p-firmware-update\/"]}]},{"@type":"BreadcrumbList","@id":"https:\/\/www.untergeek.de\/shop\/roland-jx-3p-firmware-update\/#breadcrumb","itemListElement":[{"@type":"ListItem","position":1,"name":"Startseite","item":"https:\/\/www.untergeek.de\/"},{"@type":"ListItem","position":2,"name":"Synth Firmware Shop","item":"https:\/\/www.untergeek.de\/shop\/"},{"@type":"ListItem","position":3,"name":"Roland JX-3P Firmware Update"}]},{"@type":"WebSite","@id":"https:\/\/www.untergeek.de\/#website","url":"https:\/\/www.untergeek.de\/","name":"untergeek","description":"promoting technological serendipity since 1968","publisher":{"@id":"https:\/\/www.untergeek.de\/#\/schema\/person\/fa2cb1805e290c4d85f61db3985e73f1"},"potentialAction":[{"@type":"SearchAction","target":{"@type":"EntryPoint","urlTemplate":"https:\/\/www.untergeek.de\/?s={search_term_string}"},"query-input":{"@type":"PropertyValueSpecification","valueRequired":true,"valueName":"search_term_string"}}],"inLanguage":"de-DE"},{"@type":["Person","Organization"],"@id":"https:\/\/www.untergeek.de\/#\/schema\/person\/fa2cb1805e290c4d85f61db3985e73f1","name":"untergeek","image":{"@type":"ImageObject","inLanguage":"de-DE","@id":"https:\/\/www.untergeek.de\/wp-content\/uploads\/2018\/11\/untergeeklet.png","url":"https:\/\/www.untergeek.de\/wp-content\/uploads\/2018\/11\/untergeeklet.png","contentUrl":"https:\/\/www.untergeek.de\/wp-content\/uploads\/2018\/11\/untergeeklet.png","width":64,"height":64,"caption":"untergeek"},"logo":{"@id":"https:\/\/www.untergeek.de\/wp-content\/uploads\/2018\/11\/untergeeklet.png"},"description":"Early digital immigrant. Father. Maker. Tinkerer. Serendipist. Journalist. Synth nerd.","sameAs":["http:\/\/www.untergeek.de","https:\/\/x.com\/https:\/\/twitter.com\/untergeekDE","https:\/\/www.youtube.com\/@untergeekDE"]}]}},"_links":{"self":[{"href":"https:\/\/www.untergeek.de\/de\/wp-json\/wp\/v2\/pages\/5620","targetHints":{"allow":["GET"]}}],"collection":[{"href":"https:\/\/www.untergeek.de\/de\/wp-json\/wp\/v2\/pages"}],"about":[{"href":"https:\/\/www.untergeek.de\/de\/wp-json\/wp\/v2\/types\/page"}],"author":[{"embeddable":true,"href":"https:\/\/www.untergeek.de\/de\/wp-json\/wp\/v2\/users\/2"}],"replies":[{"embeddable":true,"href":"https:\/\/www.untergeek.de\/de\/wp-json\/wp\/v2\/comments?post=5620"}],"version-history":[{"count":8,"href":"https:\/\/www.untergeek.de\/de\/wp-json\/wp\/v2\/pages\/5620\/revisions"}],"predecessor-version":[{"id":5635,"href":"https:\/\/www.untergeek.de\/de\/wp-json\/wp\/v2\/pages\/5620\/revisions\/5635"}],"up":[{"embeddable":true,"href":"https:\/\/www.untergeek.de\/de\/wp-json\/wp\/v2\/pages\/4917"}],"wp:attachment":[{"href":"https:\/\/www.untergeek.de\/de\/wp-json\/wp\/v2\/media?parent=5620"}],"curies":[{"name":"wp","href":"https:\/\/api.w.org\/{rel}","templated":true}]}}