{"id":4586,"date":"2018-12-31T13:05:54","date_gmt":"2018-12-31T13:05:54","guid":{"rendered":""},"modified":"2019-01-13T13:07:04","modified_gmt":"2019-01-13T12:07:04","slug":"widerrufsbelehrung","status":"publish","type":"page","link":"https:\/\/www.untergeek.de\/de\/widerrufsbelehrung\/","title":{"rendered":"Widerrufsbelehrung"},"content":{"rendered":"<div class=\"shariff\" data-title=\"Widerrufsbelehrung\" data-info-url=\"http:\/\/ct.de\/-2467514\" data-backend-url=\"https:\/\/www.untergeek.de\/wp-content\/plugins\/shariff-sharing\/backend\/index.php\" data-temp=\"\/tmp\" data-ttl=\"60\" data-service=\"gftr\" data-services='[\"googleplus\",\"facebook\",\"twitter\",\"reddit\",\"info\"]' data-image=\"\" data-url=\"https:\/\/www.untergeek.de\/de\/widerrufsbelehrung\/\" data-lang=\"de\" data-theme=\"colored\" data-orientation=\"horizontal\"><\/div>\n<h2 class=\"wp-block-heading\">Widerrufsrecht<\/h2>\n\n\n\n<p> Sie haben das Recht, binnen vierzehn Tagen ohne Angabe von Gr\u00fcnden diesen Vertrag zu widerrufen. <\/p>\n\n\n\n<p>Um Ihr Widerrufsrecht auszu\u00fcben, m\u00fcssen Sie uns, <a href=\"https:\/\/www.untergeek.de\/cc\/\">Ingenieurb\u00fcro G\u00fcnther Eggers, 75181 Pforzheim,<\/a> mittels einer  eindeutigen Erkl\u00e4rung (Brief, Telefax oder E-Mail) \u00fcber Ihren Entschluss, diesen Vertrag zu widerrufen, informieren. Sie k\u00f6nnen daf\u00fcr das Muster-Widerrufsformular verwenden, das jedoch nicht vorgeschrieben ist. Alternativ k\u00f6nnen Sie die erhaltene Ware auf eigene Kosten zur\u00fccksenden. <\/p>\n\n\n\n<p>Zur Wahrung der Widerrufsfrist reicht es aus, dass Sie die Mitteilung \u00fcber die Aus\u00fcbung des Widerrufsrechts vor Ablauf der Widerrufsfrist absenden.<\/p>\n\n\n\n<h2 class=\"wp-block-heading\">Folgen des Widerrufs<\/h2>\n\n\n\n<p>Wenn Sie diesen Vertrag widerrufen, haben wir Ihnen alle Zahlungen, die wir von Ihnen erhalten haben, einschlie\u00dflich der Lieferkosten unverz\u00fcglich und sp\u00e4testens binnen vierzehn Tagen ab dem Tag zur\u00fcckzuzahlen, an dem die Mitteilung \u00fcber Ihren Widerruf dieses Vertrags bei uns eingegangen ist. F\u00fcr diese R\u00fcckzahlung verwenden wir dasselbe Zahlungsmittel, das Sie bei der urspr\u00fcnglichen Transaktion eingesetzt haben, es sei denn, mit Ihnen wurde ausdr\u00fccklich etwas anderes vereinbart; in keinem Fall werden Ihnen wegen  dieser R\u00fcckzahlung Entgelte berechnen. <\/p>\n\n\n\n<h2 class=\"wp-block-heading\">R\u00fccksendekosten<\/h2>\n\n\n\n<p>Kosten f\u00fcr die R\u00fccksendung der Ware im Falle eines Widerrufs tr\u00e4gt der Empf\u00e4nger.<\/p>\n\n\n\n<h2 class=\"wp-block-heading\">Return and refund policy<\/h2>\n\n\n\n<p>You have the unconditional right to cancel the sale within 14 days after receiving the goods. When you cancel the sale, you are refunded with all payments we have received by you, via the same channel you have used to pay the invoice. We will not deduct any charges for refunding you.  <\/p>\n\n\n\n<p>The easiest way to cancel a sale is to return the goods. You have to bear the return shipment costs. <br \/><\/p>\n","protected":false},"excerpt":{"rendered":"<p>Widerrufsrecht Sie haben das Recht, binnen vierzehn Tagen ohne Angabe von Gr\u00fcnden diesen Vertrag zu widerrufen. Um Ihr Widerrufsrecht auszu\u00fcben, m\u00fcssen Sie uns, Ingenieurb\u00fcro G\u00fcnther Eggers, 75181 Pforzheim, mittels einer eindeutigen Erkl\u00e4rung (Brief, Telefax oder E-Mail) \u00fcber Ihren Entschluss, diesen &hellip; <a href=\"https:\/\/www.untergeek.de\/de\/widerrufsbelehrung\/\">Weiterlesen <span class=\"meta-nav\">&rarr;<\/span><\/a><\/p>\n","protected":false},"author":2,"featured_media":0,"parent":0,"menu_order":0,"comment_status":"closed","ping_status":"closed","template":"","meta":{"iawp_total_views":23,"footnotes":""},"class_list":["post-4586","page","type-page","status-publish","hentry"],"yoast_head":"<!-- This site is optimized with the Yoast SEO plugin v27.4 - https:\/\/yoast.com\/product\/yoast-seo-wordpress\/ -->\n<title>Widerrufsbelehrung<\/title>\n<meta name=\"robots\" content=\"index, follow, max-snippet:-1, max-image-preview:large, max-video-preview:-1\" \/>\n<link rel=\"canonical\" href=\"https:\/\/www.untergeek.de\/de\/widerrufsbelehrung\/\" \/>\n<meta property=\"og:locale\" content=\"de_DE\" \/>\n<meta property=\"og:locale:alternate\" content=\"en_US\" \/>\n<meta property=\"og:type\" content=\"article\" \/>\n<meta property=\"og:title\" content=\"Widerrufsbelehrung\" \/>\n<meta property=\"og:description\" content=\"Widerrufsrecht Sie haben das Recht, binnen vierzehn Tagen ohne Angabe von Gr\u00fcnden diesen Vertrag zu widerrufen. Um Ihr Widerrufsrecht auszu\u00fcben, m\u00fcssen Sie uns, Ingenieurb\u00fcro G\u00fcnther Eggers, 75181 Pforzheim, mittels einer eindeutigen Erkl\u00e4rung (Brief, Telefax oder E-Mail) \u00fcber Ihren Entschluss, diesen &hellip; Weiterlesen &rarr;\" \/>\n<meta property=\"og:url\" content=\"https:\/\/www.untergeek.de\/de\/widerrufsbelehrung\/\" \/>\n<meta property=\"og:site_name\" content=\"untergeek\" \/>\n<meta property=\"article:modified_time\" content=\"2019-01-13T12:07:04+00:00\" \/>\n<meta name=\"twitter:card\" content=\"summary_large_image\" \/>\n<meta name=\"twitter:site\" content=\"@untergeekDE\" \/>\n<meta name=\"twitter:label1\" content=\"Gesch\u00e4tzte Lesezeit\" \/>\n\t<meta name=\"twitter:data1\" content=\"2\u00a0Minuten\" \/>\n<script type=\"application\/ld+json\" class=\"yoast-schema-graph\">{\"@context\":\"https:\\\/\\\/schema.org\",\"@graph\":[{\"@type\":\"WebPage\",\"@id\":\"https:\\\/\\\/www.untergeek.de\\\/de\\\/widerrufsbelehrung\\\/\",\"url\":\"https:\\\/\\\/www.untergeek.de\\\/de\\\/widerrufsbelehrung\\\/\",\"name\":\"Widerrufsbelehrung\",\"isPartOf\":{\"@id\":\"https:\\\/\\\/www.untergeek.de\\\/#website\"},\"datePublished\":\"2018-12-31T13:05:54+00:00\",\"dateModified\":\"2019-01-13T12:07:04+00:00\",\"breadcrumb\":{\"@id\":\"https:\\\/\\\/www.untergeek.de\\\/de\\\/widerrufsbelehrung\\\/#breadcrumb\"},\"inLanguage\":\"de-DE\",\"potentialAction\":[{\"@type\":\"ReadAction\",\"target\":[\"https:\\\/\\\/www.untergeek.de\\\/de\\\/widerrufsbelehrung\\\/\"]}]},{\"@type\":\"BreadcrumbList\",\"@id\":\"https:\\\/\\\/www.untergeek.de\\\/de\\\/widerrufsbelehrung\\\/#breadcrumb\",\"itemListElement\":[{\"@type\":\"ListItem\",\"position\":1,\"name\":\"Startseite\",\"item\":\"https:\\\/\\\/www.untergeek.de\\\/\"},{\"@type\":\"ListItem\",\"position\":2,\"name\":\"Widerrufsbelehrung\"}]},{\"@type\":\"WebSite\",\"@id\":\"https:\\\/\\\/www.untergeek.de\\\/#website\",\"url\":\"https:\\\/\\\/www.untergeek.de\\\/\",\"name\":\"untergeek\",\"description\":\"promoting technological serendipity since 1968\",\"publisher\":{\"@id\":\"https:\\\/\\\/www.untergeek.de\\\/#\\\/schema\\\/person\\\/fa2cb1805e290c4d85f61db3985e73f1\"},\"potentialAction\":[{\"@type\":\"SearchAction\",\"target\":{\"@type\":\"EntryPoint\",\"urlTemplate\":\"https:\\\/\\\/www.untergeek.de\\\/?s={search_term_string}\"},\"query-input\":{\"@type\":\"PropertyValueSpecification\",\"valueRequired\":true,\"valueName\":\"search_term_string\"}}],\"inLanguage\":\"de-DE\"},{\"@type\":[\"Person\",\"Organization\"],\"@id\":\"https:\\\/\\\/www.untergeek.de\\\/#\\\/schema\\\/person\\\/fa2cb1805e290c4d85f61db3985e73f1\",\"name\":\"untergeek\",\"image\":{\"@type\":\"ImageObject\",\"inLanguage\":\"de-DE\",\"@id\":\"https:\\\/\\\/www.untergeek.de\\\/wp-content\\\/uploads\\\/2018\\\/11\\\/untergeeklet.png\",\"url\":\"https:\\\/\\\/www.untergeek.de\\\/wp-content\\\/uploads\\\/2018\\\/11\\\/untergeeklet.png\",\"contentUrl\":\"https:\\\/\\\/www.untergeek.de\\\/wp-content\\\/uploads\\\/2018\\\/11\\\/untergeeklet.png\",\"width\":64,\"height\":64,\"caption\":\"untergeek\"},\"logo\":{\"@id\":\"https:\\\/\\\/www.untergeek.de\\\/wp-content\\\/uploads\\\/2018\\\/11\\\/untergeeklet.png\"},\"description\":\"Early digital immigrant. Father. Maker. Tinkerer. Serendipist. Journalist. Synth nerd.\",\"sameAs\":[\"http:\\\/\\\/www.untergeek.de\",\"https:\\\/\\\/x.com\\\/https:\\\/\\\/twitter.com\\\/untergeekDE\",\"https:\\\/\\\/www.youtube.com\\\/@untergeekDE\"]}]}<\/script>\n<!-- \/ Yoast SEO plugin. -->","yoast_head_json":{"title":"Widerrufsbelehrung","robots":{"index":"index","follow":"follow","max-snippet":"max-snippet:-1","max-image-preview":"max-image-preview:large","max-video-preview":"max-video-preview:-1"},"canonical":"https:\/\/www.untergeek.de\/de\/widerrufsbelehrung\/","og_locale":"de_DE","og_type":"article","og_title":"[:en]Return and refund policy[:de]Widerrufsbelehrung[:] - untergeek","og_description":"Widerrufsrecht Sie haben das Recht, binnen vierzehn Tagen ohne Angabe von Gr\u00fcnden diesen Vertrag zu widerrufen. Um Ihr Widerrufsrecht auszu\u00fcben, m\u00fcssen Sie uns, Ingenieurb\u00fcro G\u00fcnther Eggers, 75181 Pforzheim, mittels einer eindeutigen Erkl\u00e4rung (Brief, Telefax oder E-Mail) \u00fcber Ihren Entschluss, diesen &hellip; Weiterlesen &rarr;","og_url":"https:\/\/www.untergeek.de\/de\/widerrufsbelehrung\/","og_site_name":"untergeek","article_modified_time":"2019-01-13T12:07:04+00:00","twitter_card":"summary_large_image","twitter_site":"@untergeekDE","twitter_misc":{"Gesch\u00e4tzte Lesezeit":"2\u00a0Minuten"},"schema":{"@context":"https:\/\/schema.org","@graph":[{"@type":"WebPage","@id":"https:\/\/www.untergeek.de\/de\/widerrufsbelehrung\/","url":"https:\/\/www.untergeek.de\/de\/widerrufsbelehrung\/","name":"Widerrufsbelehrung","isPartOf":{"@id":"https:\/\/www.untergeek.de\/#website"},"datePublished":"2018-12-31T13:05:54+00:00","dateModified":"2019-01-13T12:07:04+00:00","breadcrumb":{"@id":"https:\/\/www.untergeek.de\/de\/widerrufsbelehrung\/#breadcrumb"},"inLanguage":"de-DE","potentialAction":[{"@type":"ReadAction","target":["https:\/\/www.untergeek.de\/de\/widerrufsbelehrung\/"]}]},{"@type":"BreadcrumbList","@id":"https:\/\/www.untergeek.de\/de\/widerrufsbelehrung\/#breadcrumb","itemListElement":[{"@type":"ListItem","position":1,"name":"Startseite","item":"https:\/\/www.untergeek.de\/"},{"@type":"ListItem","position":2,"name":"Widerrufsbelehrung"}]},{"@type":"WebSite","@id":"https:\/\/www.untergeek.de\/#website","url":"https:\/\/www.untergeek.de\/","name":"untergeek","description":"promoting technological serendipity since 1968","publisher":{"@id":"https:\/\/www.untergeek.de\/#\/schema\/person\/fa2cb1805e290c4d85f61db3985e73f1"},"potentialAction":[{"@type":"SearchAction","target":{"@type":"EntryPoint","urlTemplate":"https:\/\/www.untergeek.de\/?s={search_term_string}"},"query-input":{"@type":"PropertyValueSpecification","valueRequired":true,"valueName":"search_term_string"}}],"inLanguage":"de-DE"},{"@type":["Person","Organization"],"@id":"https:\/\/www.untergeek.de\/#\/schema\/person\/fa2cb1805e290c4d85f61db3985e73f1","name":"untergeek","image":{"@type":"ImageObject","inLanguage":"de-DE","@id":"https:\/\/www.untergeek.de\/wp-content\/uploads\/2018\/11\/untergeeklet.png","url":"https:\/\/www.untergeek.de\/wp-content\/uploads\/2018\/11\/untergeeklet.png","contentUrl":"https:\/\/www.untergeek.de\/wp-content\/uploads\/2018\/11\/untergeeklet.png","width":64,"height":64,"caption":"untergeek"},"logo":{"@id":"https:\/\/www.untergeek.de\/wp-content\/uploads\/2018\/11\/untergeeklet.png"},"description":"Early digital immigrant. Father. Maker. Tinkerer. Serendipist. Journalist. Synth nerd.","sameAs":["http:\/\/www.untergeek.de","https:\/\/x.com\/https:\/\/twitter.com\/untergeekDE","https:\/\/www.youtube.com\/@untergeekDE"]}]}},"_links":{"self":[{"href":"https:\/\/www.untergeek.de\/de\/wp-json\/wp\/v2\/pages\/4586","targetHints":{"allow":["GET"]}}],"collection":[{"href":"https:\/\/www.untergeek.de\/de\/wp-json\/wp\/v2\/pages"}],"about":[{"href":"https:\/\/www.untergeek.de\/de\/wp-json\/wp\/v2\/types\/page"}],"author":[{"embeddable":true,"href":"https:\/\/www.untergeek.de\/de\/wp-json\/wp\/v2\/users\/2"}],"replies":[{"embeddable":true,"href":"https:\/\/www.untergeek.de\/de\/wp-json\/wp\/v2\/comments?post=4586"}],"version-history":[{"count":4,"href":"https:\/\/www.untergeek.de\/de\/wp-json\/wp\/v2\/pages\/4586\/revisions"}],"predecessor-version":[{"id":4897,"href":"https:\/\/www.untergeek.de\/de\/wp-json\/wp\/v2\/pages\/4586\/revisions\/4897"}],"wp:attachment":[{"href":"https:\/\/www.untergeek.de\/de\/wp-json\/wp\/v2\/media?parent=4586"}],"curies":[{"name":"wp","href":"https:\/\/api.w.org\/{rel}","templated":true}]}}