{"id":4583,"date":"2018-12-31T14:05:54","date_gmt":"2018-12-31T13:05:54","guid":{"rendered":""},"modified":"2025-07-13T17:43:48","modified_gmt":"2025-07-13T16:43:48","slug":"versandkosten","status":"publish","type":"page","link":"https:\/\/www.untergeek.de\/de\/versandkosten\/","title":{"rendered":"Versandkosten"},"content":{"rendered":"<div class=\"shariff\" data-title=\"Versandkosten\" data-info-url=\"http:\/\/ct.de\/-2467514\" data-backend-url=\"https:\/\/www.untergeek.de\/wp-content\/plugins\/shariff-sharing\/backend\/index.php\" data-temp=\"\/tmp\" data-ttl=\"60\" data-service=\"gftr\" data-services='[\"googleplus\",\"facebook\",\"twitter\",\"reddit\",\"info\"]' data-image=\"\" data-url=\"https:\/\/www.untergeek.de\/de\/versandkosten\/\" data-lang=\"de\" data-theme=\"colored\" data-orientation=\"horizontal\"><\/div>\r\n<p>Versand erfolgt als DHL-Warensendung\/Paket in einer antistatischen Schutzbox (Kosten \u20ac 1,70).<\/p>\r\n<p>Leider erlaubt DHL seit 2022 keinen internationalen Briefversand mehr; wir m\u00fcssen die Chips als P\u00e4ckchen\/Paket versenden. Das macht den Versand teuer &#8211; tut uns leid, aber daran k\u00f6nnen wir derzeit nichts \u00e4ndern!<\/p>\r\n\r\n\r\n\r\n<ul class=\"wp-block-list\">\r\n<li>Versand innerhalb Deutschlands: \u20ac 2,70 (Warenpost)<\/li>\r\n<li>Versand in EU-L\u00e4nder: \u20ac 6,49<\/li>\r\n<li>Versand in europ\u00e4ische Nicht-EU-L\u00e4nder (UK oder Schweiz): \u20ac 8,99<\/li>\r\n<li>Versand nach Norwegen: \u20ac 11,99<\/li>\r\n<li>Versand in au\u00dfereurop\u00e4ische L\u00e4nder: \u20ac 11,99<\/li>\r\n<\/ul>\r\n\r\n\r\n\r\n<p>Wir versenden nicht in die USA und nach Kanada &#8211; wer dort lebt, kommt einfacher und schneller \u00fcber <strong><a href=\"http:\/\/tauntek.com\/contact-information.htm\">Bob Grieb<\/a> an die Chips.<\/strong><\/p>\r\n\r\n\r\n\r\n<p><strong>Sendungsverfolgung<\/strong> ist gegen Aufpreis m\u00f6glich:<\/p>\r\n\r\n\r\n\r\n<ul class=\"wp-block-list\">\r\n<li>EU-L\u00e4nder: \u20ac 14,49<\/li>\r\n<li>International: \u20ac 15,99<\/li>\r\n<\/ul>\r\n\r\n\r\n\r\n<p>Bitte beachten Sie auch, dass Sie bei einem Widerruf die R\u00fccksendekosten f\u00fcr den Chip selbst tragen m\u00fcssen: <a href=\"https:\/\/www.untergeek.de\/widerrufsbelehrung\/\">Widerrufsbelehrung<\/a><\/p>\r\n","protected":false},"excerpt":{"rendered":"<p>Versand erfolgt als DHL-Warensendung\/Paket in einer antistatischen Schutzbox (Kosten \u20ac 1,70). Leider erlaubt DHL seit 2022 keinen internationalen Briefversand mehr; wir m\u00fcssen die Chips als P\u00e4ckchen\/Paket versenden. Das macht den Versand teuer &#8211; tut uns leid, aber daran k\u00f6nnen wir &hellip; <a href=\"https:\/\/www.untergeek.de\/de\/versandkosten\/\">Weiterlesen <span class=\"meta-nav\">&rarr;<\/span><\/a><\/p>\n","protected":false},"author":2,"featured_media":0,"parent":0,"menu_order":0,"comment_status":"closed","ping_status":"closed","template":"","meta":{"iawp_total_views":152,"footnotes":""},"class_list":["post-4583","page","type-page","status-publish","hentry"],"yoast_head":"<!-- This site is optimized with the Yoast SEO plugin v27.4 - https:\/\/yoast.com\/product\/yoast-seo-wordpress\/ -->\n<title>Versandkosten<\/title>\n<meta name=\"robots\" content=\"index, follow, max-snippet:-1, max-image-preview:large, max-video-preview:-1\" \/>\n<link rel=\"canonical\" href=\"https:\/\/www.untergeek.de\/de\/versandkosten\/\" \/>\n<meta property=\"og:locale\" content=\"de_DE\" \/>\n<meta property=\"og:locale:alternate\" content=\"en_US\" \/>\n<meta property=\"og:type\" content=\"article\" \/>\n<meta property=\"og:title\" content=\"Versandkosten\" \/>\n<meta property=\"og:description\" content=\"Versand erfolgt als DHL-Warensendung\/Paket in einer antistatischen Schutzbox (Kosten \u20ac 1,70). Leider erlaubt DHL seit 2022 keinen internationalen Briefversand mehr; wir m\u00fcssen die Chips als P\u00e4ckchen\/Paket versenden. Das macht den Versand teuer &#8211; tut uns leid, aber daran k\u00f6nnen wir &hellip; Weiterlesen &rarr;\" \/>\n<meta property=\"og:url\" content=\"https:\/\/www.untergeek.de\/de\/versandkosten\/\" \/>\n<meta property=\"og:site_name\" content=\"untergeek\" \/>\n<meta property=\"article:modified_time\" content=\"2025-07-13T16:43:48+00:00\" \/>\n<meta name=\"twitter:card\" content=\"summary_large_image\" \/>\n<meta name=\"twitter:site\" content=\"@untergeekDE\" \/>\n<meta name=\"twitter:label1\" content=\"Gesch\u00e4tzte Lesezeit\" \/>\n\t<meta name=\"twitter:data1\" content=\"1\u00a0Minute\" \/>\n<script type=\"application\/ld+json\" class=\"yoast-schema-graph\">{\"@context\":\"https:\\\/\\\/schema.org\",\"@graph\":[{\"@type\":\"WebPage\",\"@id\":\"https:\\\/\\\/www.untergeek.de\\\/de\\\/versandkosten\\\/\",\"url\":\"https:\\\/\\\/www.untergeek.de\\\/de\\\/versandkosten\\\/\",\"name\":\"Versandkosten\",\"isPartOf\":{\"@id\":\"https:\\\/\\\/www.untergeek.de\\\/#website\"},\"datePublished\":\"2018-12-31T13:05:54+00:00\",\"dateModified\":\"2025-07-13T16:43:48+00:00\",\"breadcrumb\":{\"@id\":\"https:\\\/\\\/www.untergeek.de\\\/de\\\/versandkosten\\\/#breadcrumb\"},\"inLanguage\":\"de-DE\",\"potentialAction\":[{\"@type\":\"ReadAction\",\"target\":[\"https:\\\/\\\/www.untergeek.de\\\/de\\\/versandkosten\\\/\"]}]},{\"@type\":\"BreadcrumbList\",\"@id\":\"https:\\\/\\\/www.untergeek.de\\\/de\\\/versandkosten\\\/#breadcrumb\",\"itemListElement\":[{\"@type\":\"ListItem\",\"position\":1,\"name\":\"Startseite\",\"item\":\"https:\\\/\\\/www.untergeek.de\\\/\"},{\"@type\":\"ListItem\",\"position\":2,\"name\":\"Versandkosten\"}]},{\"@type\":\"WebSite\",\"@id\":\"https:\\\/\\\/www.untergeek.de\\\/#website\",\"url\":\"https:\\\/\\\/www.untergeek.de\\\/\",\"name\":\"untergeek\",\"description\":\"promoting technological serendipity since 1968\",\"publisher\":{\"@id\":\"https:\\\/\\\/www.untergeek.de\\\/#\\\/schema\\\/person\\\/fa2cb1805e290c4d85f61db3985e73f1\"},\"potentialAction\":[{\"@type\":\"SearchAction\",\"target\":{\"@type\":\"EntryPoint\",\"urlTemplate\":\"https:\\\/\\\/www.untergeek.de\\\/?s={search_term_string}\"},\"query-input\":{\"@type\":\"PropertyValueSpecification\",\"valueRequired\":true,\"valueName\":\"search_term_string\"}}],\"inLanguage\":\"de-DE\"},{\"@type\":[\"Person\",\"Organization\"],\"@id\":\"https:\\\/\\\/www.untergeek.de\\\/#\\\/schema\\\/person\\\/fa2cb1805e290c4d85f61db3985e73f1\",\"name\":\"untergeek\",\"image\":{\"@type\":\"ImageObject\",\"inLanguage\":\"de-DE\",\"@id\":\"https:\\\/\\\/www.untergeek.de\\\/wp-content\\\/uploads\\\/2018\\\/11\\\/untergeeklet.png\",\"url\":\"https:\\\/\\\/www.untergeek.de\\\/wp-content\\\/uploads\\\/2018\\\/11\\\/untergeeklet.png\",\"contentUrl\":\"https:\\\/\\\/www.untergeek.de\\\/wp-content\\\/uploads\\\/2018\\\/11\\\/untergeeklet.png\",\"width\":64,\"height\":64,\"caption\":\"untergeek\"},\"logo\":{\"@id\":\"https:\\\/\\\/www.untergeek.de\\\/wp-content\\\/uploads\\\/2018\\\/11\\\/untergeeklet.png\"},\"description\":\"Early digital immigrant. Father. Maker. Tinkerer. Serendipist. Journalist. Synth nerd.\",\"sameAs\":[\"http:\\\/\\\/www.untergeek.de\",\"https:\\\/\\\/x.com\\\/https:\\\/\\\/twitter.com\\\/untergeekDE\",\"https:\\\/\\\/www.youtube.com\\\/@untergeekDE\"]}]}<\/script>\n<!-- \/ Yoast SEO plugin. -->","yoast_head_json":{"title":"Versandkosten","robots":{"index":"index","follow":"follow","max-snippet":"max-snippet:-1","max-image-preview":"max-image-preview:large","max-video-preview":"max-video-preview:-1"},"canonical":"https:\/\/www.untergeek.de\/de\/versandkosten\/","og_locale":"de_DE","og_type":"article","og_title":"[:en]Shipping costs[:de]Versandkosten[:] - untergeek","og_description":"Versand erfolgt als DHL-Warensendung\/Paket in einer antistatischen Schutzbox (Kosten \u20ac 1,70). Leider erlaubt DHL seit 2022 keinen internationalen Briefversand mehr; wir m\u00fcssen die Chips als P\u00e4ckchen\/Paket versenden. Das macht den Versand teuer &#8211; tut uns leid, aber daran k\u00f6nnen wir &hellip; Weiterlesen &rarr;","og_url":"https:\/\/www.untergeek.de\/de\/versandkosten\/","og_site_name":"untergeek","article_modified_time":"2025-07-13T16:43:48+00:00","twitter_card":"summary_large_image","twitter_site":"@untergeekDE","twitter_misc":{"Gesch\u00e4tzte Lesezeit":"1\u00a0Minute"},"schema":{"@context":"https:\/\/schema.org","@graph":[{"@type":"WebPage","@id":"https:\/\/www.untergeek.de\/de\/versandkosten\/","url":"https:\/\/www.untergeek.de\/de\/versandkosten\/","name":"Versandkosten","isPartOf":{"@id":"https:\/\/www.untergeek.de\/#website"},"datePublished":"2018-12-31T13:05:54+00:00","dateModified":"2025-07-13T16:43:48+00:00","breadcrumb":{"@id":"https:\/\/www.untergeek.de\/de\/versandkosten\/#breadcrumb"},"inLanguage":"de-DE","potentialAction":[{"@type":"ReadAction","target":["https:\/\/www.untergeek.de\/de\/versandkosten\/"]}]},{"@type":"BreadcrumbList","@id":"https:\/\/www.untergeek.de\/de\/versandkosten\/#breadcrumb","itemListElement":[{"@type":"ListItem","position":1,"name":"Startseite","item":"https:\/\/www.untergeek.de\/"},{"@type":"ListItem","position":2,"name":"Versandkosten"}]},{"@type":"WebSite","@id":"https:\/\/www.untergeek.de\/#website","url":"https:\/\/www.untergeek.de\/","name":"untergeek","description":"promoting technological serendipity since 1968","publisher":{"@id":"https:\/\/www.untergeek.de\/#\/schema\/person\/fa2cb1805e290c4d85f61db3985e73f1"},"potentialAction":[{"@type":"SearchAction","target":{"@type":"EntryPoint","urlTemplate":"https:\/\/www.untergeek.de\/?s={search_term_string}"},"query-input":{"@type":"PropertyValueSpecification","valueRequired":true,"valueName":"search_term_string"}}],"inLanguage":"de-DE"},{"@type":["Person","Organization"],"@id":"https:\/\/www.untergeek.de\/#\/schema\/person\/fa2cb1805e290c4d85f61db3985e73f1","name":"untergeek","image":{"@type":"ImageObject","inLanguage":"de-DE","@id":"https:\/\/www.untergeek.de\/wp-content\/uploads\/2018\/11\/untergeeklet.png","url":"https:\/\/www.untergeek.de\/wp-content\/uploads\/2018\/11\/untergeeklet.png","contentUrl":"https:\/\/www.untergeek.de\/wp-content\/uploads\/2018\/11\/untergeeklet.png","width":64,"height":64,"caption":"untergeek"},"logo":{"@id":"https:\/\/www.untergeek.de\/wp-content\/uploads\/2018\/11\/untergeeklet.png"},"description":"Early digital immigrant. Father. Maker. Tinkerer. Serendipist. Journalist. Synth nerd.","sameAs":["http:\/\/www.untergeek.de","https:\/\/x.com\/https:\/\/twitter.com\/untergeekDE","https:\/\/www.youtube.com\/@untergeekDE"]}]}},"_links":{"self":[{"href":"https:\/\/www.untergeek.de\/de\/wp-json\/wp\/v2\/pages\/4583","targetHints":{"allow":["GET"]}}],"collection":[{"href":"https:\/\/www.untergeek.de\/de\/wp-json\/wp\/v2\/pages"}],"about":[{"href":"https:\/\/www.untergeek.de\/de\/wp-json\/wp\/v2\/types\/page"}],"author":[{"embeddable":true,"href":"https:\/\/www.untergeek.de\/de\/wp-json\/wp\/v2\/users\/2"}],"replies":[{"embeddable":true,"href":"https:\/\/www.untergeek.de\/de\/wp-json\/wp\/v2\/comments?post=4583"}],"version-history":[{"count":15,"href":"https:\/\/www.untergeek.de\/de\/wp-json\/wp\/v2\/pages\/4583\/revisions"}],"predecessor-version":[{"id":6462,"href":"https:\/\/www.untergeek.de\/de\/wp-json\/wp\/v2\/pages\/4583\/revisions\/6462"}],"wp:attachment":[{"href":"https:\/\/www.untergeek.de\/de\/wp-json\/wp\/v2\/media?parent=4583"}],"curies":[{"name":"wp","href":"https:\/\/api.w.org\/{rel}","templated":true}]}}