{"id":3026,"date":"2017-03-16T22:11:12","date_gmt":"2017-03-16T21:11:12","guid":{"rendered":"http:\/\/www.untergeek.de\/?page_id=3026"},"modified":"2024-05-01T10:20:50","modified_gmt":"2024-05-01T09:20:50","slug":"akai-ax-80-firmware-rev-i2k2l2","status":"publish","type":"page","link":"https:\/\/www.untergeek.de\/de\/shop\/akai-ax-80-firmware-rev-i2k2l2\/","title":{"rendered":"Akai AX-80 firmware rev. I2\/K2\/L2"},"content":{"rendered":"<div class=\"shariff\" data-title=\"Akai AX-80 firmware rev. I2\/K2\/L2\" data-info-url=\"http:\/\/ct.de\/-2467514\" data-backend-url=\"https:\/\/www.untergeek.de\/wp-content\/plugins\/shariff-sharing\/backend\/index.php\" data-temp=\"\/tmp\" data-ttl=\"60\" data-service=\"gftr\" data-services='[\"googleplus\",\"facebook\",\"twitter\",\"reddit\",\"info\"]' data-image=\"\" data-url=\"https:\/\/www.untergeek.de\/de\/shop\/akai-ax-80-firmware-rev-i2k2l2\/\" data-lang=\"de\" data-theme=\"colored\" data-orientation=\"horizontal\"><\/div>\n<p>Aktuelle \u00dcberarbeitung der Firmware f\u00fcr den Akai AX-80 &#8211; korrigiert einige Fehler und erm\u00f6glicht neue Funktionen.<\/p>\n\n\n\n<p>Software von Bob Grieb 2017 &#8211; <a rel=\"noopener\" href=\"http:\/\/www.tauntek.com\/AX80.htm\" target=\"_blank\">tauntek.com<\/a><\/p>\n\n\n\n<ul class=\"wp-block-list\"><li>Soundpatches \u00fcber MIDI Sysex speichern und laden mit Bank-Dump-Funktion &#8211; Bank A und B werden in einem Arbeitsgang gespeichert\/geladen<\/li><li>Parameter \u00fcber MIDI Sysex and MIDI CC ver\u00e4ndern<\/li><li>MIDI-Kan\u00e4le Senden\/Empfangen, aktueller Patch und NVLFOFR werden nichtfl\u00fcchtig gespeichert und bleiben nach dem Ausschalten erhalten<\/li><li>Freilauf-Betriebsart f\u00fcr den LFO<\/li><li>Filter-Cutoff wird in Echtzeit umgesetzt<\/li><li>Programm und Bank werden beim Abspeichern angezeigt<\/li><li>MIDI-Kanal jetzt \u00fcber die Display-Einstellungen rC and SC (receive channel, send channel)<\/li><\/ul>\n\n\n\n<p>PDF mit Erkl\u00e4rungen zur neuen Firmware (englisch): <a href=\"http:\/\/www.untergeek.de\/wp-content\/uploads\/2017\/03\/AX80NewFWinstrs.pdf\">AX80NewFWinstrs<\/a><\/p>\n\n\n\n<h2 class=\"wp-block-heading\">Welche Version ist die richtige &#8211; I, K, L?<\/h2>\n\n\n\n<div class=\"wp-block-image\"><figure class=\"alignright\"><img loading=\"lazy\" decoding=\"async\" width=\"140\" height=\"150\" src=\"https:\/\/www.untergeek.de\/wp-content\/uploads\/2019\/01\/Ohne-Titel-140x150.png\" alt=\"AX-80 service manual p. 61\" class=\"wp-image-4929\" srcset=\"https:\/\/www.untergeek.de\/wp-content\/uploads\/2019\/01\/Ohne-Titel-140x150.png 140w, https:\/\/www.untergeek.de\/wp-content\/uploads\/2019\/01\/Ohne-Titel-373x400.png 373w, https:\/\/www.untergeek.de\/wp-content\/uploads\/2019\/01\/Ohne-Titel-280x300.png 280w, https:\/\/www.untergeek.de\/wp-content\/uploads\/2019\/01\/Ohne-Titel.png 406w\" sizes=\"auto, (max-width: 140px) 100vw, 140px\" \/><\/figure><\/div>\n\n\n\n<p>Im AX80 wurden drei Varianten des Analog-Chips CEM3372 eingesetzt, und die verschiedenen Firmware-Varianten steuern sie mit leicht unterschiedlichen Steuerspannungen an. CEM3372B ben\u00f6tigt die I-Variante, CEM3372C die K-Variante, und CEM3372D die L-Variante. Die Unterschiede sind minimal, eine falsche Version richtet also keinen Schaden an und funktioniert trotzdem &#8211; aber wir empfehlen, die passende Version einzusetzen. <\/p>\n\n\n\n<p>Am einfachsten kl\u00e4rt man das durch einen Blick aufs Original-ROM, auf dem der Typ in der Regel vermerkt ist &#8211; sollte das ROM allerdings unmarkiert sein, muss man herausfinden, welchen Typ die acht Analog-Chips haben. <\/p>\n\n\n\n<p>Details im <a rel=\"noreferrer noopener\" aria-label=\"AX-80 service manual, (opens in a new tab)\" href=\"https:\/\/archive.org\/details\/AkaiAX80ServiceManual\" target=\"_blank\">AX-80 service manual,<\/a> Seite 61. <br \/><\/p>\n\n\n<p>[color-box]<\/p>\n\n\n<form class=\"wpsg_productform\" id=\"wpsg_produktform_1\" method=\"post\" action=\"\/de\/wp-json\/wp\/v2\/pages\/3026\">\r\n<div class=\"wpsg_produkt_wrapper\">\r\n\r\n\t<input type=\"hidden\" name=\"wpsg_post_id\" value=\"3026\" \/>\r\n\t<input type=\"hidden\" name=\"titleDisplayed\" value=\"\" \/>\r\n \r\n\t<div class=\"wpsg_produkt wpsg_product_name\">\r\n\r\n\t\t\t\t\t<h1 class=\"wpsg_producttitle\">AX80<\/h1>\r\n\t\t\t<h2 class=\"wpsg_productdetailtitle\">Akai AX-80 Fimware Update Chip<\/h2>\r\n\t\t\r\n\t\t\r\n\t<\/div>\r\n \r\n\t\r\n\t<div itemscope itemtype=\"http:\/\/schema.org\/Product\" class=\"wpsg_produkt wpsg_produkt_5\">\r\n\r\n\t\t<meta itemprop=\"name\" content=\"AX80\" \/>\r\n\t\t<meta itemprop=\"detailname\" content=\"Akai AX-80 Fimware Update Chip\" \/>\r\n\t\t\r\n\t\t\t\t\r\n\t\t\t\t\r\n\t\t\t\t<div class=\"wpsg_productimages\">\r\n\r\n\t\t\t<div class=\"wpsg_produkt_produktbilder\">\r\n\r\n\t\t\t\t\r\n\t\t\t\t\t\t\t\t\t\t\r\n                    <meta itemprop=\"image\" content=\"https:\/\/www.untergeek.de\/wp-content\/uploads\/2019\/01\/Foto-01.01.19-15-00-17-2.jpg\" \/>\r\n\r\n\t\t\t\t\t<a  rel=\"gallery-wpsg-1\" title=\"AX80\" href=\"https:\/\/www.untergeek.de\/wp-content\/uploads\/2019\/01\/Foto-01.01.19-15-00-17-2.jpg\" data-fslightbox=\"1\">\r\n\r\n\t\t\t\t\t\t<img loading=\"lazy\" decoding=\"async\" width=\"300\" height=\"225\" src=\"https:\/\/www.untergeek.de\/wp-content\/uploads\/2019\/01\/Foto-01.01.19-15-00-17-2.jpg\" class=\"attachment-300x300 size-300x300\" alt=\"\" srcset=\"https:\/\/www.untergeek.de\/wp-content\/uploads\/2019\/01\/Foto-01.01.19-15-00-17-2.jpg 4032w, https:\/\/www.untergeek.de\/wp-content\/uploads\/2019\/01\/Foto-01.01.19-15-00-17-2-200x150.jpg 200w, https:\/\/www.untergeek.de\/wp-content\/uploads\/2019\/01\/Foto-01.01.19-15-00-17-2-768x576.jpg 768w, https:\/\/www.untergeek.de\/wp-content\/uploads\/2019\/01\/Foto-01.01.19-15-00-17-2-533x400.jpg 533w, https:\/\/www.untergeek.de\/wp-content\/uploads\/2019\/01\/Foto-01.01.19-15-00-17-2-400x300.jpg 400w\" sizes=\"auto, (max-width: 300px) 100vw, 300px\" \/>\t\t\t\t\t\t\r\n\t\t\t\t\t<\/a>\r\n\t\t\t\t\t\r\n\t\t\t\t\r\n\t\t\t<\/div>\r\n\r\n\t\t<\/div>\r\n\t\t\t\t\r\n\t\t\t\t<div class=\"wpsg_artikelnummer\">\r\n\t\t\tArtikelnummer: <span class=\"wpsg_anr\">0005<\/span><br \/>\r\n\t\t<\/div>\r\n\t\t\t\t\r\n\t\t\t\t\r\n\t\t\t\t\r\n\t\t\t<div itemprop=\"offers\" itemscope itemtype=\"http:\/\/schema.org\/Offer\" class=\"wpsg_produkt_preis\">\r\n\r\n                <meta itemprop=\"priceCurrency\" content=\"EUR\" \/>\r\n                <meta itemprop=\"price\" content=\"31.5\" \/>\r\n\r\n\t\t\t\tSt\u00fcckpreis:\r\n\t\t\t\t\t\t\t\t\r\n\t\t\t\t\t\t\t\t\t<span class=\"wpsg_mod_productview_price\">31,50 EUR<\/span>\r\n\t\t\t\t\r\n\t\t\t<\/div>\r\n\r\n\t\t\t\r\n\t\t\t\t<div class=\"wpsg_produkt_preishinweis\">\r\n\r\n\t\t\t\t\t\t\t\t\t\t\t\t\t\t\t\t\t\t\t\t\t\t\t(inkl. 19,00% MwSt. und zzgl. <a href=\"https:\/\/www.untergeek.de\/de\/versandkosten\/\">Versandkosten<\/a>)\t\t\t\t\t\t\t\t\t\t\t\t\t\t\t\t\r\n\t\t\t\t<\/div>\r\n\r\n\t\t\t\t\t\t\r\n\t\t\t\t\t\t\r\n\t\t<div itemprop=\"description\" class=\"wpsg_produkt_shortdescription\">\r\n\t\t\r\n\t\t\t<span>Chip with updated firmware for Akai AX-80 synthesizers<\/span>\r\n\t\t\t\r\n\t\t<\/div>\r\n\r\n\t\t<div class=\"wpsg_clear\"><\/div>\r\n \t\t\r\n\t\t\t\t\t\t\r\n\t\t        \t\t\r\n\t\t\t\t\t\t\r\n\t\t\t\t\t\t\r\n\t\t\t\t<div class=\"wpsg_product_informationarea\">\r\n\r\n\t\t\t\t\t\t<div class=\"wpsg_product_information_short\">\r\n\t\t\t\t<div class=\"wpsg_produkt_additional_information\">\r\n\t\t\t\t\t<div itemprop=\"description\" class=\"wpsg_produkt_shortdescription\">\r\n\t\t\t\t\t\t<span><div class=\"shariff\" data-title=\"Akai AX-80 firmware rev. I2\/K2\/L2\" data-info-url=\"http:\/\/ct.de\/-2467514\" data-backend-url=\"https:\/\/www.untergeek.de\/wp-content\/plugins\/shariff-sharing\/backend\/index.php\" data-temp=\"\/tmp\" data-ttl=\"60\" data-service=\"gftr\" data-services='[\"googleplus\",\"facebook\",\"twitter\",\"reddit\",\"info\"]' data-image=\"\" data-url=\"https:\/\/www.untergeek.de\/de\/shop\/akai-ax-80-firmware-rev-i2k2l2\/\" data-lang=\"de\" data-theme=\"colored\" data-orientation=\"horizontal\"><\/div>Chip with upgraded firmware for Akai AX-80 synth &#8211; select right version below<\/span>\r\n\t\t\t\t\t<\/div>\r\n\t\t\t\t<\/div>\r\n\t\t\t<\/div>\r\n\t\t\t\r\n\t\t<\/div>\r\n\t\t\r\n\t\t\t\t<div class=\"wpsg_produkt_varianten\">\r\n\t\t\t\r\n<div class=\"wpsg_mod_productvariants_product_wrap\" id=\"wpsg_mod_productvariants_product_wrap_1\" wpsg-productindex=\"1\"> \r\n\t\t\r\n\t\t\r\n\t\t\t\t<div class=\"wpsg_vp_field wpsg_vp_field_5 var_id_7\">\r\n\t\t\t\t\t \r\n\t\t\t\t\t\t\t\t\t\t\t<label class=\"wpsg_vp_field_label\" for=\"wpsg_vpfield_5_7\">\r\n\t\t\t\t\t\t\t\"L\" Type\t\t\t\t\t\t<\/label>\r\n\t\t\t\t\t\t\t\t\t\t\r\n\t\t\t\t\t<div class=\"wpsg_vp_field_typ_0\">\r\n\t\t\t\t\t\r\n\t\t\t\t\t\t\t\t\t\t\t\t\t\t\t\t\t\t\t<label>\t\t\t \t\t\t\r\n\t\t\t\t\t\t\t\t<select name=\"wpsg_vp[7]\" class=\"wpsg_vp_update\" id=\"wpsg_vpfield_5_7\">\r\n\t\t\t\t\t\t\t\t\t\t\t\t\t\t\t\t\t\t\t\t\t\t\t\t\t\t\t\t\t\t\r\n\t\t\t\t\t\t\t\t\t\t\t\t\t\t\t\t\t\t\t\t\t\t\t\t\t\t\t\t\t\t\t\t\t\r\n\t\t\t\t\t\t\t\t\t\t\t\t<option value=\"6\" selected=\"selected\">\t\t\t\t\t\t\r\n\t\t\t\t\t\t\t\t\t\t\t\t\"I\" Type ROM\t\t\t\t\t\t\t\t\t\t\t\t\t\r\n\t\t\t\t\t\t\t\t\t\t\t\t\t\t\t\t\t\t\t\t\t\t\t\t\t\t\t\t\t\r\n\t\t\t\t\t\t\t\t\t\t\t\t\t\t\t\t\t\t\t\t\t\t\t\t\t\t\t\t\t\t\t\t\t\t\t\t\t\t\t\t\t\t\t\t\t\t\t\t\t\t\t\t<\/option>\r\n\t\t\t\t\t\t\t\t\t\t\t\t\r\n\t\t\t\t\t\t\t\t\t\t\t\t\t\t\t\t\t\t\t\t\t\t\t\t\t\t\t\t\t\t\t\t\t\t\r\n\t\t\t\t\t\t\t\t\t\t\t\t\t\t\t\t\t\t\t\t\t\t\t\t\t\t\t\t\t\t\t\t\t\t\t\t\t\t\t\t\t\t\t\t\t\t\t\t\t\r\n\t\t\t\t\t\t\t\t\t\t\t\t\t\t\t\t\t\t\t\t\t\t\t\t\t\t\t\t\t\t\t\t\t\r\n\t\t\t\t\t\t\t\t\t\t\t\t<option value=\"7\" >\t\t\t\t\t\t\r\n\t\t\t\t\t\t\t\t\t\t\t\t\"K\" Type ROM\t\t\t\t\t\t\t\t\t\t\t\t\t\r\n\t\t\t\t\t\t\t\t\t\t\t\t\t\t\t\t\t\t\t\t\t\t\t\t\t\t\t\t\t\r\n\t\t\t\t\t\t\t\t\t\t\t\t\t\t\t\t\t\t\t\t\t\t\t\t\t\t\t\t\t\t\t\t\t\t\t\t\t\t\t\t\t\t\t\t\t\t\t\t\t\t\t\t<\/option>\r\n\t\t\t\t\t\t\t\t\t\t\t\t\r\n\t\t\t\t\t\t\t\t\t\t\t\t\t\t\t\t\t\t\t\t\t\t\t\t\t\t\t\t\t\t\t\t\t\t\r\n\t\t\t\t\t\t\t\t\t\t\t\t\t\t\t\t\t\t\t\t\t\t\t\t\t\t\t\t\t\t\t\t\t\t\t\t\t\t\t\t\t\t\t\t\t\t\t\t\t\r\n\t\t\t\t\t\t\t\t\t\t\t\t\t\t\t\t\t\t\t\t\t\t\t\t\t\t\t\t\t\t\t\t\t\r\n\t\t\t\t\t\t\t\t\t\t\t\t<option value=\"8\" >\t\t\t\t\t\t\r\n\t\t\t\t\t\t\t\t\t\t\t\t\"L\" Type ROM\t\t\t\t\t\t\t\t\t\t\t\t\t\r\n\t\t\t\t\t\t\t\t\t\t\t\t\t\t\t\t\t\t\t\t\t\t\t\t\t\t\t\t\t\r\n\t\t\t\t\t\t\t\t\t\t\t\t\t\t\t\t\t\t\t\t\t\t\t\t\t\t\t\t\t\t\t\t\t\t\t\t\t\t\t\t\t\t\t\t\t\t\t\t\t\t\t\t<\/option>\r\n\t\t\t\t\t\t\t\t\t\t\t\t\r\n\t\t\t\t\t\t\t\t\t\t\t\t\t\t\t\t\t\t\t\t\t\t\t\t\t\t\t\t\t\t\t\t\t\t\r\n\t\t\t\t\t\t\t\t\t\t\t\t\t\t\t\t\t\t\t\t\t\t\t\t\t\t\t\t\r\n\t\t\t\t\t\t\t\t<\/select>\r\n\t\t\t\t\t\t\t<\/label>\r\n\t\t\t\t\t\t\t\t\t\t\t\t\r\n\t\t\t\t\t\t\t\t\t\t\t\t\t\t\t\t\t\t\r\n\t\t\t\t\t\t\t\t\t\t\t\t\t \r\n\t\t\t\t\t\t<div style=\"clear:both;\"><\/div>\r\n\t\r\n\t\t\t\t\t<\/div>\r\n\t\t\t\t<\/div>\r\n\t\r\n\t\t\t\t\r\n\t<script>\r\n\r\n\t\tjQuery(document).ready(function() {\r\n\r\n\t\t\tjQuery('.wpsg_vp_update').off('change').on('change', wpsg_mod_productvariants_reload);\r\n\r\n\t\t\tjQuery('#wpsg_mod_productvariants_product_wrap_1 .wpsg_vp_update_image').on('click', function(event) {\r\n\r\n\t\t\t\tjQuery(this).closest('span').find('input').val(jQuery(this).data('wpsg-id'));\r\n\t\t\t\twpsg_mod_productvariants_reload(event);\r\n\r\n\t\t\t\treturn false;\r\n\r\n\t\t\t} );\r\n\r\n\t\t} );\r\n\r\n\t<\/script>\r\n\r\n<\/div>\t\t<\/div>\r\n\t\t\t\t\r\n\t\t \r\n\t\t<div class=\"wpsg_product_buttonarea\">\t\t\t\r\n\t\t\t<div class=\"wpsg_product_buttons_add_basket\">\r\n\t\t\t\t\t\t\t\t<div class=\"wpsg_produkt_add_basket_wrapper\">\r\n\r\n\t\t\t\t\t<label class=\"wpsg_amount_label\" for=\"wpsg_menge_1\">Anzahl<\/label>\r\n\r\n\t\t\t\t\t<input type=\"text\" value=\"1\" name=\"wpsg[menge]\" class=\"wpsg_menge\" id=\"wpsg_menge_1\"  \/>\r\n\t\t\t\t\t\r\n\t\t\t\t\t\t\t\t\t\t\t\t\t\t\t\r\n\t\t\t\t\t\t<input class=\"wpsg_button wpsg_add_basket wpsg_add_basket_1\" type=\"submit\" value=\"In den Warenkorb\" name=\"wpsg[submit]\" \/>\r\n\t\t\t\t\t\r\n\t\t\t\t\t\t\t\t\t\t\r\n\t\t\t\t\t\r\n\t\t\t\t<\/div>\r\n\t\t\t\t\t\t\t<\/div>\r\n\t\t<\/div>\r\n\r\n\t\t<div class=\"wpsg_clear\"><\/div>\r\n\r\n\t\t\r\n\t\t\t\t<div class=\"wpsg_product_informationarea\">\r\n\r\n\t\t\t\t\t\t<div class=\"wpsg_product_information_large\">\r\n\t\t\t\t<div class=\"wpsg_produkt_additional_information\">\r\n\t\t\t\t\t<div itemprop=\"description\" class=\"wpsg_produkt_longdescription\">\r\n\t\t\t\t\t\t<span>Upgraded replacement for the factory firmware (type needed can be found on the original chip's label, if you cannot make it out, please <a href=\"http:\/\/www.untergeek.de\/cc\/\">contact us<\/a>)\r\n\r\nFirmware engineered by Bob Grieb (<a href=\"http:\/\/tauntek.com\">tauntek.com<\/a>), sold with permission. License fee to author included.<\/span>\r\n\t\t\t\t\t<\/div>\r\n\t\t\t\t<\/div>\r\n\t\t\t<\/div>\r\n\t\t\t\r\n\t\t<\/div>\r\n\t\t\t\t\r\n\t\t\t\t<div class=\"wpsg_product_informationarea\">\r\n\r\n\t\t\t\r\n\t\t<\/div>\r\n\t\t\t\t\r\n\t\t\t\t<div class=\"wpsg_product_informationarea\">\r\n\r\n\t\t\t\r\n\t\t<\/div>\r\n\t\t\r\n\t\t<div class=\"wpsg_clear\"><\/div>\r\n\r\n\t\t\t\t<div class=\"wpsg_product_social_media\">\r\n\t\t\t\t\t<\/div>\r\n\r\n\t<\/div>\r\n\t\r\n\t\r\n<\/div><div style=\"display:none;\"><input type=\"hidden\" name=\"wpsg[template]\" \tvalue=\"standard.phtml\" \/><input type=\"hidden\" name=\"myReferer\" \t\tvalue=\"\/de\/wp-json\/wp\/v2\/pages\/3026\" \/><input type=\"hidden\" name=\"wpsg[produkt_id]\"  value=\"5\" \/><input type=\"hidden\" name=\"wpsg[product_key]\" value=\"pv_5|7:6\" \/><\/div><\/form>\n\n\n<p>[\/color-box]<\/p>\n\n\n\n<p><small>B<\/small><small>y the way: you may also download the code from Bob&#8217;s page if you would like to burn the PROM for yourself, provided you pay the license fee directly to him.<\/small><\/p>\n","protected":false},"excerpt":{"rendered":"<p>Aktuelle \u00dcberarbeitung der Firmware f\u00fcr den Akai AX-80 &#8211; korrigiert einige Fehler und erm\u00f6glicht neue Funktionen. Software von Bob Grieb 2017 &#8211; tauntek.com Soundpatches \u00fcber MIDI Sysex speichern und laden mit Bank-Dump-Funktion &#8211; Bank A und B werden in einem &hellip; <a href=\"https:\/\/www.untergeek.de\/de\/shop\/akai-ax-80-firmware-rev-i2k2l2\/\">Weiterlesen <span class=\"meta-nav\">&rarr;<\/span><\/a><\/p>\n","protected":false},"author":2,"featured_media":0,"parent":4917,"menu_order":0,"comment_status":"closed","ping_status":"closed","template":"","meta":{"iawp_total_views":334,"footnotes":""},"class_list":["post-3026","page","type-page","status-publish","hentry"],"yoast_head":"<!-- This site is optimized with the Yoast SEO plugin v27.2 - https:\/\/yoast.com\/product\/yoast-seo-wordpress\/ -->\n<title>Akai AX-80 firmware rev. I2\/K2\/L2<\/title>\n<meta name=\"robots\" content=\"index, follow, max-snippet:-1, max-image-preview:large, max-video-preview:-1\" \/>\n<link rel=\"canonical\" href=\"https:\/\/www.untergeek.de\/de\/shop\/akai-ax-80-firmware-rev-i2k2l2\/\" \/>\n<meta property=\"og:locale\" content=\"de_DE\" \/>\n<meta property=\"og:locale:alternate\" content=\"en_US\" \/>\n<meta property=\"og:type\" content=\"article\" \/>\n<meta property=\"og:title\" content=\"Akai AX-80 firmware rev. I2\/K2\/L2\" \/>\n<meta property=\"og:description\" content=\"Aktuelle \u00dcberarbeitung der Firmware f\u00fcr den Akai AX-80 &#8211; korrigiert einige Fehler und erm\u00f6glicht neue Funktionen. Software von Bob Grieb 2017 &#8211; tauntek.com Soundpatches \u00fcber MIDI Sysex speichern und laden mit Bank-Dump-Funktion &#8211; Bank A und B werden in einem &hellip; Weiterlesen &rarr;\" \/>\n<meta property=\"og:url\" content=\"https:\/\/www.untergeek.de\/de\/shop\/akai-ax-80-firmware-rev-i2k2l2\/\" \/>\n<meta property=\"og:site_name\" content=\"untergeek\" \/>\n<meta property=\"article:modified_time\" content=\"2024-05-01T09:20:50+00:00\" \/>\n<meta property=\"og:image\" content=\"https:\/\/www.untergeek.de\/wp-content\/uploads\/2019\/01\/Ohne-Titel-140x150.png\" \/>\n<meta name=\"twitter:card\" content=\"summary_large_image\" \/>\n<meta name=\"twitter:site\" content=\"@untergeekDE\" \/>\n<meta name=\"twitter:label1\" content=\"Gesch\u00e4tzte Lesezeit\" \/>\n\t<meta name=\"twitter:data1\" content=\"2\u00a0Minuten\" \/>\n<script type=\"application\/ld+json\" class=\"yoast-schema-graph\">{\"@context\":\"https:\/\/schema.org\",\"@graph\":[{\"@type\":\"WebPage\",\"@id\":\"https:\/\/www.untergeek.de\/shop\/akai-ax-80-firmware-rev-i2k2l2\/\",\"url\":\"https:\/\/www.untergeek.de\/shop\/akai-ax-80-firmware-rev-i2k2l2\/\",\"name\":\"Akai AX-80 firmware rev. I2\/K2\/L2\",\"isPartOf\":{\"@id\":\"https:\/\/www.untergeek.de\/#website\"},\"primaryImageOfPage\":{\"@id\":\"https:\/\/www.untergeek.de\/shop\/akai-ax-80-firmware-rev-i2k2l2\/#primaryimage\"},\"image\":{\"@id\":\"https:\/\/www.untergeek.de\/shop\/akai-ax-80-firmware-rev-i2k2l2\/#primaryimage\"},\"thumbnailUrl\":\"https:\/\/www.untergeek.de\/wp-content\/uploads\/2019\/01\/Ohne-Titel-140x150.png\",\"datePublished\":\"2017-03-16T21:11:12+00:00\",\"dateModified\":\"2024-05-01T09:20:50+00:00\",\"breadcrumb\":{\"@id\":\"https:\/\/www.untergeek.de\/shop\/akai-ax-80-firmware-rev-i2k2l2\/#breadcrumb\"},\"inLanguage\":\"de-DE\",\"potentialAction\":[{\"@type\":\"ReadAction\",\"target\":[\"https:\/\/www.untergeek.de\/shop\/akai-ax-80-firmware-rev-i2k2l2\/\"]}]},{\"@type\":\"ImageObject\",\"inLanguage\":\"de-DE\",\"@id\":\"https:\/\/www.untergeek.de\/shop\/akai-ax-80-firmware-rev-i2k2l2\/#primaryimage\",\"url\":\"https:\/\/www.untergeek.de\/wp-content\/uploads\/2019\/01\/Ohne-Titel-140x150.png\",\"contentUrl\":\"https:\/\/www.untergeek.de\/wp-content\/uploads\/2019\/01\/Ohne-Titel-140x150.png\"},{\"@type\":\"BreadcrumbList\",\"@id\":\"https:\/\/www.untergeek.de\/shop\/akai-ax-80-firmware-rev-i2k2l2\/#breadcrumb\",\"itemListElement\":[{\"@type\":\"ListItem\",\"position\":1,\"name\":\"Startseite\",\"item\":\"https:\/\/www.untergeek.de\/\"},{\"@type\":\"ListItem\",\"position\":2,\"name\":\"Synth Firmware Shop\",\"item\":\"https:\/\/www.untergeek.de\/shop\/\"},{\"@type\":\"ListItem\",\"position\":3,\"name\":\"Akai AX-80 firmware rev. I2\/K2\/L2\"}]},{\"@type\":\"WebSite\",\"@id\":\"https:\/\/www.untergeek.de\/#website\",\"url\":\"https:\/\/www.untergeek.de\/\",\"name\":\"untergeek\",\"description\":\"promoting technological serendipity since 1968\",\"publisher\":{\"@id\":\"https:\/\/www.untergeek.de\/#\/schema\/person\/fa2cb1805e290c4d85f61db3985e73f1\"},\"potentialAction\":[{\"@type\":\"SearchAction\",\"target\":{\"@type\":\"EntryPoint\",\"urlTemplate\":\"https:\/\/www.untergeek.de\/?s={search_term_string}\"},\"query-input\":{\"@type\":\"PropertyValueSpecification\",\"valueRequired\":true,\"valueName\":\"search_term_string\"}}],\"inLanguage\":\"de-DE\"},{\"@type\":[\"Person\",\"Organization\"],\"@id\":\"https:\/\/www.untergeek.de\/#\/schema\/person\/fa2cb1805e290c4d85f61db3985e73f1\",\"name\":\"untergeek\",\"image\":{\"@type\":\"ImageObject\",\"inLanguage\":\"de-DE\",\"@id\":\"https:\/\/www.untergeek.de\/wp-content\/uploads\/2018\/11\/untergeeklet.png\",\"url\":\"https:\/\/www.untergeek.de\/wp-content\/uploads\/2018\/11\/untergeeklet.png\",\"contentUrl\":\"https:\/\/www.untergeek.de\/wp-content\/uploads\/2018\/11\/untergeeklet.png\",\"width\":64,\"height\":64,\"caption\":\"untergeek\"},\"logo\":{\"@id\":\"https:\/\/www.untergeek.de\/wp-content\/uploads\/2018\/11\/untergeeklet.png\"},\"description\":\"Early digital immigrant. Father. Maker. Tinkerer. Serendipist. Journalist. Synth nerd.\",\"sameAs\":[\"http:\/\/www.untergeek.de\",\"https:\/\/x.com\/https:\/\/twitter.com\/untergeekDE\",\"https:\/\/www.youtube.com\/@untergeekDE\"]}]}<\/script>\n<!-- \/ Yoast SEO plugin. -->","yoast_head_json":{"title":"Akai AX-80 firmware rev. I2\/K2\/L2","robots":{"index":"index","follow":"follow","max-snippet":"max-snippet:-1","max-image-preview":"max-image-preview:large","max-video-preview":"max-video-preview:-1"},"canonical":"https:\/\/www.untergeek.de\/de\/shop\/akai-ax-80-firmware-rev-i2k2l2\/","og_locale":"de_DE","og_type":"article","og_title":"[:en]Akai AX-80 firmware rev. I2\/K2\/L2[:] - untergeek","og_description":"Aktuelle \u00dcberarbeitung der Firmware f\u00fcr den Akai AX-80 &#8211; korrigiert einige Fehler und erm\u00f6glicht neue Funktionen. Software von Bob Grieb 2017 &#8211; tauntek.com Soundpatches \u00fcber MIDI Sysex speichern und laden mit Bank-Dump-Funktion &#8211; Bank A und B werden in einem &hellip; Weiterlesen &rarr;","og_url":"https:\/\/www.untergeek.de\/de\/shop\/akai-ax-80-firmware-rev-i2k2l2\/","og_site_name":"untergeek","article_modified_time":"2024-05-01T09:20:50+00:00","og_image":[{"url":"https:\/\/www.untergeek.de\/wp-content\/uploads\/2019\/01\/Ohne-Titel-140x150.png","type":"","width":"","height":""}],"twitter_card":"summary_large_image","twitter_site":"@untergeekDE","twitter_misc":{"Gesch\u00e4tzte Lesezeit":"2\u00a0Minuten"},"schema":{"@context":"https:\/\/schema.org","@graph":[{"@type":"WebPage","@id":"https:\/\/www.untergeek.de\/shop\/akai-ax-80-firmware-rev-i2k2l2\/","url":"https:\/\/www.untergeek.de\/shop\/akai-ax-80-firmware-rev-i2k2l2\/","name":"Akai AX-80 firmware rev. I2\/K2\/L2","isPartOf":{"@id":"https:\/\/www.untergeek.de\/#website"},"primaryImageOfPage":{"@id":"https:\/\/www.untergeek.de\/shop\/akai-ax-80-firmware-rev-i2k2l2\/#primaryimage"},"image":{"@id":"https:\/\/www.untergeek.de\/shop\/akai-ax-80-firmware-rev-i2k2l2\/#primaryimage"},"thumbnailUrl":"https:\/\/www.untergeek.de\/wp-content\/uploads\/2019\/01\/Ohne-Titel-140x150.png","datePublished":"2017-03-16T21:11:12+00:00","dateModified":"2024-05-01T09:20:50+00:00","breadcrumb":{"@id":"https:\/\/www.untergeek.de\/shop\/akai-ax-80-firmware-rev-i2k2l2\/#breadcrumb"},"inLanguage":"de-DE","potentialAction":[{"@type":"ReadAction","target":["https:\/\/www.untergeek.de\/shop\/akai-ax-80-firmware-rev-i2k2l2\/"]}]},{"@type":"ImageObject","inLanguage":"de-DE","@id":"https:\/\/www.untergeek.de\/shop\/akai-ax-80-firmware-rev-i2k2l2\/#primaryimage","url":"https:\/\/www.untergeek.de\/wp-content\/uploads\/2019\/01\/Ohne-Titel-140x150.png","contentUrl":"https:\/\/www.untergeek.de\/wp-content\/uploads\/2019\/01\/Ohne-Titel-140x150.png"},{"@type":"BreadcrumbList","@id":"https:\/\/www.untergeek.de\/shop\/akai-ax-80-firmware-rev-i2k2l2\/#breadcrumb","itemListElement":[{"@type":"ListItem","position":1,"name":"Startseite","item":"https:\/\/www.untergeek.de\/"},{"@type":"ListItem","position":2,"name":"Synth Firmware Shop","item":"https:\/\/www.untergeek.de\/shop\/"},{"@type":"ListItem","position":3,"name":"Akai AX-80 firmware rev. I2\/K2\/L2"}]},{"@type":"WebSite","@id":"https:\/\/www.untergeek.de\/#website","url":"https:\/\/www.untergeek.de\/","name":"untergeek","description":"promoting technological serendipity since 1968","publisher":{"@id":"https:\/\/www.untergeek.de\/#\/schema\/person\/fa2cb1805e290c4d85f61db3985e73f1"},"potentialAction":[{"@type":"SearchAction","target":{"@type":"EntryPoint","urlTemplate":"https:\/\/www.untergeek.de\/?s={search_term_string}"},"query-input":{"@type":"PropertyValueSpecification","valueRequired":true,"valueName":"search_term_string"}}],"inLanguage":"de-DE"},{"@type":["Person","Organization"],"@id":"https:\/\/www.untergeek.de\/#\/schema\/person\/fa2cb1805e290c4d85f61db3985e73f1","name":"untergeek","image":{"@type":"ImageObject","inLanguage":"de-DE","@id":"https:\/\/www.untergeek.de\/wp-content\/uploads\/2018\/11\/untergeeklet.png","url":"https:\/\/www.untergeek.de\/wp-content\/uploads\/2018\/11\/untergeeklet.png","contentUrl":"https:\/\/www.untergeek.de\/wp-content\/uploads\/2018\/11\/untergeeklet.png","width":64,"height":64,"caption":"untergeek"},"logo":{"@id":"https:\/\/www.untergeek.de\/wp-content\/uploads\/2018\/11\/untergeeklet.png"},"description":"Early digital immigrant. Father. Maker. Tinkerer. Serendipist. Journalist. Synth nerd.","sameAs":["http:\/\/www.untergeek.de","https:\/\/x.com\/https:\/\/twitter.com\/untergeekDE","https:\/\/www.youtube.com\/@untergeekDE"]}]}},"_links":{"self":[{"href":"https:\/\/www.untergeek.de\/de\/wp-json\/wp\/v2\/pages\/3026","targetHints":{"allow":["GET"]}}],"collection":[{"href":"https:\/\/www.untergeek.de\/de\/wp-json\/wp\/v2\/pages"}],"about":[{"href":"https:\/\/www.untergeek.de\/de\/wp-json\/wp\/v2\/types\/page"}],"author":[{"embeddable":true,"href":"https:\/\/www.untergeek.de\/de\/wp-json\/wp\/v2\/users\/2"}],"replies":[{"embeddable":true,"href":"https:\/\/www.untergeek.de\/de\/wp-json\/wp\/v2\/comments?post=3026"}],"version-history":[{"count":21,"href":"https:\/\/www.untergeek.de\/de\/wp-json\/wp\/v2\/pages\/3026\/revisions"}],"predecessor-version":[{"id":6036,"href":"https:\/\/www.untergeek.de\/de\/wp-json\/wp\/v2\/pages\/3026\/revisions\/6036"}],"up":[{"embeddable":true,"href":"https:\/\/www.untergeek.de\/de\/wp-json\/wp\/v2\/pages\/4917"}],"wp:attachment":[{"href":"https:\/\/www.untergeek.de\/de\/wp-json\/wp\/v2\/media?parent=3026"}],"curies":[{"name":"wp","href":"https:\/\/api.w.org\/{rel}","templated":true}]}}