{"id":279,"date":"2008-05-12T12:59:53","date_gmt":"2008-05-12T11:59:53","guid":{"rendered":"http:\/\/www.eggers-elektronik.de\/wordpress\/?page_id=279"},"modified":"2024-05-08T20:15:23","modified_gmt":"2024-05-08T19:15:23","slug":"howto","status":"publish","type":"page","link":"https:\/\/www.untergeek.de\/de\/howto\/","title":{"rendered":"HOWTO\/Projekte"},"content":{"rendered":"<div class=\"shariff\" data-title=\"HOWTO\/Projekte\" data-info-url=\"http:\/\/ct.de\/-2467514\" data-backend-url=\"https:\/\/www.untergeek.de\/wp-content\/plugins\/shariff-sharing\/backend\/index.php\" data-temp=\"\/tmp\" data-ttl=\"60\" data-service=\"gftr\" data-services='[\"googleplus\",\"facebook\",\"twitter\",\"reddit\",\"info\"]' data-image=\"\" data-url=\"https:\/\/www.untergeek.de\/de\/howto\/\" data-lang=\"de\" data-theme=\"colored\" data-orientation=\"horizontal\"><\/div>\r\n<p>Okay, nat\u00fcrlich k\u00f6nnen sich so kluge Menschen wie meine Leser alle meine Howtos auch per Tag-Wolke zusammenklicken, aber der \u00dcbersicht halber sind sie hier noch einmal sch\u00f6n sortiert:<\/p>\r\n\r\n\r\n\r\n<h2 class=\"wp-block-heading\">Musik. Mit dem iPad. Und auch sonst.<\/h2>\r\n\r\n\r\n\r\n<p>Aus unerfindlichen Gr\u00fcnden fast alle Posts zu diesem Themenbereich auf englisch. Going for the global audience, you know.<\/p>\r\n\r\n\r\n\r\n<ul class=\"wp-block-list\">\r\n<li>Etwas Python-Unterst\u00fctzung beim Umbau einer Korg Electribe in die modifizierte <a href=\"https:\/\/www.untergeek.de\/de\/2023\/01\/hacktribe-your-e2s-with-a-colab-notebook\/\">Hacktribe<\/a><\/li>\r\n<li>Selbst gebauter MIDI-Controller. <a href=\"http:\/\/www.untergeek.de\/2017\/09\/v2-0-a-teensy-based-midi-controller\/\">V2.0 jetzt mit Display und Kram<\/a>! Und <a href=\"http:\/\/www.untergeek.de\/2017\/08\/homebrew-midi-wheels-for-my-launchpad-pro\/\">V1.0 aus Arduino-Fertigteilen<\/a>.<\/li>\r\n<li>Wie man mit einem Launchpad Pro <a href=\"http:\/\/www.untergeek.de\/2017\/11\/how-to-play-notes-and-chords-on-the-launchpad-cheat-sheets\/\">Noten und Akkorde spielt<\/a><\/li>\r\n<li><a href=\"http:\/\/www.untergeek.de\/howto\/jen-sx-1000\/\">Restaurierung und Verbesserung eines JEN SX-1000-Analogsynthesizers&#8230;<\/a><\/li>\r\n<li>&#8230;zum Beispiel: <a href=\"https:\/\/www.untergeek.de\/de\/2018\/11\/a-pre-filter-booster-stage-for-jenny\/\">Booster\/Overdrive als Waveshaper f\u00fcr den Filter des kleinen Analogen<\/a>. Klingt richtig, richtig fein.<\/li>\r\n<li>Ein iPad-Editor f\u00fcr den Arturia Beatstep Controller (<a title=\"Taming Arturia\u2019s Beatstep: Sysex codes for programming via iPad\" href=\"http:\/\/www.untergeek.de\/2014\/11\/taming-arturias-beatstep-sysex-codes-for-programming-via-ipad\/\">Recherche daf\u00fcr<\/a>)<\/li>\r\n<li>Ein <a href=\"http:\/\/www.untergeek.de\/2013\/01\/tech-hack-alesis-io-dock-with-usb-hub\/\">Alesis IO Dock so umbauen, dass man USB-Ger\u00e4te anschlie\u00dfen kann<\/a><\/li>\r\n<li><a href=\"http:\/\/www.untergeek.de\/2014\/04\/matrix-modulation-control-included-ipad-editor-for-the-oberheim-matrix-61000\/\">Ein iPad-Editor f\u00fcr den Oberheim Matrix 1000<\/a><\/li>\r\n<li><a href=\"http:\/\/www.untergeek.de\/2014\/05\/insert-___-here-new-connections-for-an-old-mixer\/\">Insert-Wege f\u00fcr einen Behringer-Mixer Eurorack MX1604A<\/a><\/li>\r\n<\/ul>\r\n\r\n\r\n\r\n<h2 class=\"wp-block-heading\">Jugend forscht<\/h2>\r\n\r\n\r\n\r\n<ul class=\"wp-block-list\">\r\n<li>Wie kann man <a href=\"http:\/\/www.untergeek.de\/de\/2016\/07\/whitening-jennys-smile-bleaching-the-old-synth-keys\/\">Synthesizer-Tasten bleichen?<\/a> Und <a href=\"http:\/\/www.untergeek.de\/de\/2017\/10\/what-makes-synth-keyboards-turn-yellow\/\">warum werden diese Tasten \u00fcberhaupt gelb<\/a>?<\/li>\r\n<li>Kann man <a href=\"\/2006\/09\/putzattacke-totet-tastatur\/\">eine versaute Tastatur einfach in der Maschine waschen?<\/a> (1) <a href=\"\/2006\/09\/tastaturwasche-dem-mythos-auf-der-spur\/\">Ausgangspunkt<\/a>, (2) <a href=\"\/2006\/09\/tastaturwasche-2-unterbrechung-des-experiments\/\">Experimentierphase<\/a> und (3) <a href=\"\/2006\/09\/tastaturwasche-iii-wege-zur-erkenntnis\/\">Res\u00fcmee<\/a> sowie (4)<a href=\"\/2006\/09\/die-tote-drei-und-das-teure-glas-wein\/\"> Epilog<\/a>.<\/li>\r\n<\/ul>\r\n\r\n\r\n\r\n<h2 class=\"wp-block-heading\">Heimleuchten<\/h2>\r\n\r\n\r\n\r\n<ul class=\"wp-block-list\">\r\n<li>\u00a0<\/li>\r\n<li>Retrochic: <a href=\"\/2006\/09\/retrochic\/\">Sensolite<\/a> &#8211; ein altes &#8222;Senso&#8220;-Elektronikspiel erlebt einen zweiten Fr\u00fchling als Dekoleuchte<\/li>\r\n<li>Noch ein Lampenprojekt: <a href=\"http:\/\/www.untergeek.de\/2010\/04\/untergeek-proudly-presents-ikea-moodstar\/\">Ikea Moodstar<\/a> &#8211; ein Moodlight aus einer Ikea-Retro-Glasfaserleuchte<\/li>\r\n<li><a href=\"http:\/\/www.untergeek.de\/2008\/09\/abenteuer-baumarkt-heimleuchten-mit-tina\/\">Tinas Rache<\/a>: Wie der Versuch, ein Leselicht mit Ber\u00fchrungsschalter auszustatten, leider nur einen Teilerfolg zeitigte<\/li>\r\n<\/ul>\r\n\r\n\r\n\r\n<h2 class=\"wp-block-heading\">Altes Zeuch: Asus EEE PC, Atari2600PC<\/h2>\r\n\r\n\r\n\r\n<p>Die linux-basierten Maschinchen, eigentlich gedacht als Schulkinder-Laptops, begr\u00fcndeten nicht nur die neue Ger\u00e4teklasse des Netbooks, sondern boten auch Ansatzpunkte f\u00fcr alle m\u00f6glichen Erweiterungsbasteleien. Meinen EEE habe ich mir Anfang 2008 in Australien hart erk\u00e4mpft &#8211; als er in Deutschland noch nicht zu haben war &#8211; und mich sofort in die Maschine verliebt: Ikea-Effekt, klar. Entsprechend intensiv habe ich immer wieder an dem Maschinchen gebastelt; an Hard- und Software.<\/p>\r\n\r\n\r\n\r\n<ul class=\"wp-block-list\">\r\n<li>EEE-PC-\u00dcbersicht: <a href=\"\/2008\/04\/asus-eee-pc-modders-einkaufszettel\/\">Modders Einkaufszettel<\/a> &#8211; was man alles in den EEE einbauen kann (und warum man es vielleicht besser lassen sollte)<\/li>\r\n<li>Tipp: Verhindern, dass <a href=\"\/2008\/03\/wlan-auf-dem-eee-boser-kleiner-haken\/\">das Standard-WLAN nicht gefunden wird<\/a><\/li>\r\n<li>HOWTO: Das EEE-Geh\u00e4use richtig demontieren &#8211; <a href=\"\/2008\/05\/den-asus-eee-richtig-demontieren\/\">Hauptplatine<\/a> und <a href=\"\/2008\/05\/asus-eee-das-display-demontieren\/\">Display<\/a><\/li>\r\n<li>HOWTO: <a href=\"\/2008\/05\/asus-eee-pc-jetzt-mit-freundlichen-12gb-intern\/\">Ein internes 8GB-Zusatzlaufwerk in den EEE basteln<\/a><\/li>\r\n<li>HOWTO: Den EEE <a href=\"\/2008\/05\/asus-eee-hatchet-job-fur-blauzahn\/\">mit einem Bluetooth-Receiver ausstatten<\/a><\/li>\r\n<li><a href=\"https:\/\/www.untergeek.de\/category\/maschinelles\/atari2600pc\/\">Atari 2600 PC &#8211; PC (und MAME-Emulation) in eine alte Atari-Spielkonsole einbauen. <\/a>Ehrlich gesagt nie fertig geworden; vielleicht nehm&#8216; ich jetzt einfach einen Raspi.<\/li>\r\n<\/ul>\r\n\r\n\r\n\r\n<h2 class=\"wp-block-heading\">Sonstiges<\/h2>\r\n\r\n\r\n\r\n<ul class=\"wp-block-list\">\r\n<li>HOWTO: Anfahrtsbeschreibung 2.0 &#8211; <a href=\"\/2007\/07\/anfahrtsbeschreibung-20-filme-mit-google-earth\/\">Google-Earth-Filme f\u00fcr die Einladung<\/a><\/li>\r\n<\/ul>\r\n","protected":false},"excerpt":{"rendered":"<p>Okay, nat\u00fcrlich k\u00f6nnen sich so kluge Menschen wie meine Leser alle meine Howtos auch per Tag-Wolke zusammenklicken, aber der \u00dcbersicht halber sind sie hier noch einmal sch\u00f6n sortiert: Musik. Mit dem iPad. Und auch sonst. Aus unerfindlichen Gr\u00fcnden fast alle &hellip; <a href=\"https:\/\/www.untergeek.de\/de\/howto\/\">Weiterlesen <span class=\"meta-nav\">&rarr;<\/span><\/a><\/p>\n","protected":false},"author":2,"featured_media":0,"parent":0,"menu_order":0,"comment_status":"closed","ping_status":"closed","template":"","meta":{"iawp_total_views":630,"footnotes":""},"class_list":["post-279","page","type-page","status-publish","hentry"],"yoast_head":"<!-- This site is optimized with the Yoast SEO plugin v27.4 - https:\/\/yoast.com\/product\/yoast-seo-wordpress\/ -->\n<title>HOWTO\/Projekte<\/title>\n<meta name=\"robots\" content=\"index, follow, max-snippet:-1, max-image-preview:large, max-video-preview:-1\" \/>\n<link rel=\"canonical\" href=\"https:\/\/www.untergeek.de\/de\/howto\/\" \/>\n<meta property=\"og:locale\" content=\"de_DE\" \/>\n<meta property=\"og:locale:alternate\" content=\"en_US\" \/>\n<meta property=\"og:type\" content=\"article\" \/>\n<meta property=\"og:title\" content=\"HOWTO\/Projekte\" \/>\n<meta property=\"og:description\" content=\"Okay, nat\u00fcrlich k\u00f6nnen sich so kluge Menschen wie meine Leser alle meine Howtos auch per Tag-Wolke zusammenklicken, aber der \u00dcbersicht halber sind sie hier noch einmal sch\u00f6n sortiert: Musik. Mit dem iPad. Und auch sonst. Aus unerfindlichen Gr\u00fcnden fast alle &hellip; Weiterlesen &rarr;\" \/>\n<meta property=\"og:url\" content=\"https:\/\/www.untergeek.de\/de\/howto\/\" \/>\n<meta property=\"og:site_name\" content=\"untergeek\" \/>\n<meta property=\"article:modified_time\" content=\"2024-05-08T19:15:23+00:00\" \/>\n<meta name=\"twitter:card\" content=\"summary_large_image\" \/>\n<meta name=\"twitter:site\" content=\"@untergeekDE\" \/>\n<meta name=\"twitter:label1\" content=\"Gesch\u00e4tzte Lesezeit\" \/>\n\t<meta name=\"twitter:data1\" content=\"3\u00a0Minuten\" \/>\n<script type=\"application\/ld+json\" class=\"yoast-schema-graph\">{\"@context\":\"https:\\\/\\\/schema.org\",\"@graph\":[{\"@type\":\"WebPage\",\"@id\":\"https:\\\/\\\/www.untergeek.de\\\/de\\\/howto\\\/\",\"url\":\"https:\\\/\\\/www.untergeek.de\\\/de\\\/howto\\\/\",\"name\":\"HOWTO\\\/Projekte\",\"isPartOf\":{\"@id\":\"https:\\\/\\\/www.untergeek.de\\\/#website\"},\"datePublished\":\"2008-05-12T11:59:53+00:00\",\"dateModified\":\"2024-05-08T19:15:23+00:00\",\"breadcrumb\":{\"@id\":\"https:\\\/\\\/www.untergeek.de\\\/de\\\/howto\\\/#breadcrumb\"},\"inLanguage\":\"de-DE\",\"potentialAction\":[{\"@type\":\"ReadAction\",\"target\":[\"https:\\\/\\\/www.untergeek.de\\\/de\\\/howto\\\/\"]}]},{\"@type\":\"BreadcrumbList\",\"@id\":\"https:\\\/\\\/www.untergeek.de\\\/de\\\/howto\\\/#breadcrumb\",\"itemListElement\":[{\"@type\":\"ListItem\",\"position\":1,\"name\":\"Startseite\",\"item\":\"https:\\\/\\\/www.untergeek.de\\\/\"},{\"@type\":\"ListItem\",\"position\":2,\"name\":\"HOWTO\\\/Projekte\"}]},{\"@type\":\"WebSite\",\"@id\":\"https:\\\/\\\/www.untergeek.de\\\/#website\",\"url\":\"https:\\\/\\\/www.untergeek.de\\\/\",\"name\":\"untergeek\",\"description\":\"promoting technological serendipity since 1968\",\"publisher\":{\"@id\":\"https:\\\/\\\/www.untergeek.de\\\/#\\\/schema\\\/person\\\/fa2cb1805e290c4d85f61db3985e73f1\"},\"potentialAction\":[{\"@type\":\"SearchAction\",\"target\":{\"@type\":\"EntryPoint\",\"urlTemplate\":\"https:\\\/\\\/www.untergeek.de\\\/?s={search_term_string}\"},\"query-input\":{\"@type\":\"PropertyValueSpecification\",\"valueRequired\":true,\"valueName\":\"search_term_string\"}}],\"inLanguage\":\"de-DE\"},{\"@type\":[\"Person\",\"Organization\"],\"@id\":\"https:\\\/\\\/www.untergeek.de\\\/#\\\/schema\\\/person\\\/fa2cb1805e290c4d85f61db3985e73f1\",\"name\":\"untergeek\",\"image\":{\"@type\":\"ImageObject\",\"inLanguage\":\"de-DE\",\"@id\":\"https:\\\/\\\/www.untergeek.de\\\/wp-content\\\/uploads\\\/2018\\\/11\\\/untergeeklet.png\",\"url\":\"https:\\\/\\\/www.untergeek.de\\\/wp-content\\\/uploads\\\/2018\\\/11\\\/untergeeklet.png\",\"contentUrl\":\"https:\\\/\\\/www.untergeek.de\\\/wp-content\\\/uploads\\\/2018\\\/11\\\/untergeeklet.png\",\"width\":64,\"height\":64,\"caption\":\"untergeek\"},\"logo\":{\"@id\":\"https:\\\/\\\/www.untergeek.de\\\/wp-content\\\/uploads\\\/2018\\\/11\\\/untergeeklet.png\"},\"description\":\"Early digital immigrant. Father. Maker. Tinkerer. Serendipist. Journalist. Synth nerd.\",\"sameAs\":[\"http:\\\/\\\/www.untergeek.de\",\"https:\\\/\\\/x.com\\\/https:\\\/\\\/twitter.com\\\/untergeekDE\",\"https:\\\/\\\/www.youtube.com\\\/@untergeekDE\"]}]}<\/script>\n<!-- \/ Yoast SEO plugin. -->","yoast_head_json":{"title":"HOWTO\/Projekte","robots":{"index":"index","follow":"follow","max-snippet":"max-snippet:-1","max-image-preview":"max-image-preview:large","max-video-preview":"max-video-preview:-1"},"canonical":"https:\/\/www.untergeek.de\/de\/howto\/","og_locale":"de_DE","og_type":"article","og_title":"[:en]HOWTO\/Projects[:de]HOWTO\/Projekte[:] - untergeek","og_description":"Okay, nat\u00fcrlich k\u00f6nnen sich so kluge Menschen wie meine Leser alle meine Howtos auch per Tag-Wolke zusammenklicken, aber der \u00dcbersicht halber sind sie hier noch einmal sch\u00f6n sortiert: Musik. Mit dem iPad. Und auch sonst. Aus unerfindlichen Gr\u00fcnden fast alle &hellip; Weiterlesen &rarr;","og_url":"https:\/\/www.untergeek.de\/de\/howto\/","og_site_name":"untergeek","article_modified_time":"2024-05-08T19:15:23+00:00","twitter_card":"summary_large_image","twitter_site":"@untergeekDE","twitter_misc":{"Gesch\u00e4tzte Lesezeit":"3\u00a0Minuten"},"schema":{"@context":"https:\/\/schema.org","@graph":[{"@type":"WebPage","@id":"https:\/\/www.untergeek.de\/de\/howto\/","url":"https:\/\/www.untergeek.de\/de\/howto\/","name":"HOWTO\/Projekte","isPartOf":{"@id":"https:\/\/www.untergeek.de\/#website"},"datePublished":"2008-05-12T11:59:53+00:00","dateModified":"2024-05-08T19:15:23+00:00","breadcrumb":{"@id":"https:\/\/www.untergeek.de\/de\/howto\/#breadcrumb"},"inLanguage":"de-DE","potentialAction":[{"@type":"ReadAction","target":["https:\/\/www.untergeek.de\/de\/howto\/"]}]},{"@type":"BreadcrumbList","@id":"https:\/\/www.untergeek.de\/de\/howto\/#breadcrumb","itemListElement":[{"@type":"ListItem","position":1,"name":"Startseite","item":"https:\/\/www.untergeek.de\/"},{"@type":"ListItem","position":2,"name":"HOWTO\/Projekte"}]},{"@type":"WebSite","@id":"https:\/\/www.untergeek.de\/#website","url":"https:\/\/www.untergeek.de\/","name":"untergeek","description":"promoting technological serendipity since 1968","publisher":{"@id":"https:\/\/www.untergeek.de\/#\/schema\/person\/fa2cb1805e290c4d85f61db3985e73f1"},"potentialAction":[{"@type":"SearchAction","target":{"@type":"EntryPoint","urlTemplate":"https:\/\/www.untergeek.de\/?s={search_term_string}"},"query-input":{"@type":"PropertyValueSpecification","valueRequired":true,"valueName":"search_term_string"}}],"inLanguage":"de-DE"},{"@type":["Person","Organization"],"@id":"https:\/\/www.untergeek.de\/#\/schema\/person\/fa2cb1805e290c4d85f61db3985e73f1","name":"untergeek","image":{"@type":"ImageObject","inLanguage":"de-DE","@id":"https:\/\/www.untergeek.de\/wp-content\/uploads\/2018\/11\/untergeeklet.png","url":"https:\/\/www.untergeek.de\/wp-content\/uploads\/2018\/11\/untergeeklet.png","contentUrl":"https:\/\/www.untergeek.de\/wp-content\/uploads\/2018\/11\/untergeeklet.png","width":64,"height":64,"caption":"untergeek"},"logo":{"@id":"https:\/\/www.untergeek.de\/wp-content\/uploads\/2018\/11\/untergeeklet.png"},"description":"Early digital immigrant. Father. Maker. Tinkerer. Serendipist. Journalist. Synth nerd.","sameAs":["http:\/\/www.untergeek.de","https:\/\/x.com\/https:\/\/twitter.com\/untergeekDE","https:\/\/www.youtube.com\/@untergeekDE"]}]}},"_links":{"self":[{"href":"https:\/\/www.untergeek.de\/de\/wp-json\/wp\/v2\/pages\/279","targetHints":{"allow":["GET"]}}],"collection":[{"href":"https:\/\/www.untergeek.de\/de\/wp-json\/wp\/v2\/pages"}],"about":[{"href":"https:\/\/www.untergeek.de\/de\/wp-json\/wp\/v2\/types\/page"}],"author":[{"embeddable":true,"href":"https:\/\/www.untergeek.de\/de\/wp-json\/wp\/v2\/users\/2"}],"replies":[{"embeddable":true,"href":"https:\/\/www.untergeek.de\/de\/wp-json\/wp\/v2\/comments?post=279"}],"version-history":[{"count":16,"href":"https:\/\/www.untergeek.de\/de\/wp-json\/wp\/v2\/pages\/279\/revisions"}],"predecessor-version":[{"id":6047,"href":"https:\/\/www.untergeek.de\/de\/wp-json\/wp\/v2\/pages\/279\/revisions\/6047"}],"wp:attachment":[{"href":"https:\/\/www.untergeek.de\/de\/wp-json\/wp\/v2\/media?parent=279"}],"curies":[{"name":"wp","href":"https:\/\/api.w.org\/{rel}","templated":true}]}}